{"id":224259,"date":"2024-02-26T15:08:54","date_gmt":"2024-02-26T14:08:54","guid":{"rendered":"https:\/\/bhpakl.pl\/?page_id=224259"},"modified":"2024-03-21T02:45:54","modified_gmt":"2024-03-21T01:45:54","slug":"szkolenia-okresowe","status":"publish","type":"page","link":"https:\/\/bhpakl.pl\/index.php\/szkolenia-okresowe\/","title":{"rendered":"Szkolenia Okresowe"},"content":{"rendered":"\t\t<div data-elementor-type=\"wp-page\" data-elementor-id=\"224259\" class=\"elementor elementor-224259\">\n\t\t\t\t\t\t<section class=\"elementor-section elementor-top-section elementor-element elementor-element-5dcb61f elementor-section-boxed elementor-section-height-default elementor-section-height-default\" data-id=\"5dcb61f\" data-element_type=\"section\">\n\t\t\t\t\t\t<div class=\"elementor-container elementor-column-gap-default\">\n\t\t\t\t\t<div class=\"elementor-column elementor-col-100 elementor-top-column elementor-element elementor-element-512dba6e\" data-id=\"512dba6e\" data-element_type=\"column\">\n\t\t\t<div class=\"elementor-widget-wrap elementor-element-populated\">\n\t\t\t\t\t\t<div class=\"elementor-element elementor-element-b445838 elementor-widget elementor-widget-thim-heading\" data-id=\"b445838\" data-element_type=\"widget\" data-widget_type=\"thim-heading.default\">\n\t\t\t\t<div class=\"elementor-widget-container\">\n\t\t\t<div\n        class=\"thim-sc-heading text-center layout-2 \">\n    <div class=\"heading-content\">\n\n\t\t\n\t\t<h3 class=\"primary-heading\" style=\"color: ; font-size: px; font-weight: normal; font-style: normal;\">SZKOLENIA OKRESOWE BHP<\/h3>    <\/div>\n\t        <p class=\"secondary-heading\">\n\t\t\tOKRESOWE        <\/p>\n\t\t        <span class=\"underline\"><\/span>\n\t<\/div>\n\t\t<\/div>\n\t\t\t\t<\/div>\n\t\t\t\t\t<\/div>\n\t\t<\/div>\n\t\t\t\t\t<\/div>\n\t\t<\/section>\n\t\t\t\t<section class=\"elementor-section elementor-top-section elementor-element elementor-element-599151d2 elementor-section-stretched elementor-section-boxed elementor-section-height-default elementor-section-height-default\" data-id=\"599151d2\" data-element_type=\"section\" data-settings=\"{&quot;stretch_section&quot;:&quot;section-stretched&quot;}\">\n\t\t\t\t\t\t<div class=\"elementor-container elementor-column-gap-default\">\n\t\t\t\t\t<div class=\"elementor-column elementor-col-50 elementor-top-column elementor-element elementor-element-161c5b04\" data-id=\"161c5b04\" data-element_type=\"column\">\n\t\t\t<div class=\"elementor-widget-wrap elementor-element-populated\">\n\t\t\t\t\t\t<div class=\"elementor-element elementor-element-9df9f3f elementor-widget elementor-widget-thim-heading\" data-id=\"9df9f3f\" data-element_type=\"widget\" data-widget_type=\"thim-heading.default\">\n\t\t\t\t<div class=\"elementor-widget-container\">\n\t\t\t<div\n        class=\"thim-sc-heading text-center layout-2 \">\n    <div class=\"heading-content\">\n\n\t\t\n\t\t<h3 class=\"primary-heading\">SZKOLENIE<\/h3>    <\/div>\n\t        <p class=\"secondary-heading\">\n\t\t\tDLA PRACOWNIK\u00d3W ADMINISTRACYJNO \u2013 BIUROWYCH        <\/p>\n\t\t        <span class=\"underline\"><\/span>\n\t<\/div>\n\t\t<\/div>\n\t\t\t\t<\/div>\n\t\t\t\t<div class=\"elementor-element elementor-element-7350627c elementor-widget elementor-widget-text-editor\" data-id=\"7350627c\" data-element_type=\"widget\" data-widget_type=\"text-editor.default\">\n\t\t\t\t<div class=\"elementor-widget-container\">\n\t\t\t\t\t\t\t<p style=\"font-weight: 400; text-align: center;\"><span style=\"color: #000000;\">Szkolenie skierowane jest do pracownik\u00f3w administracyjno \u2013 biurowych firm korporacyjnych, administracji pa\u0144stwowej, szk\u00f3\u0142, uczelni wy\u017cszych, innych plac\u00f3wek o\u015bwiatowych oraz pracownik\u00f3w wykonuj\u0105cych na co dzie\u0144 prace biurowe i\u00a0pracuj\u0105cych przed monitorem komputera.<\/span><\/p><p style=\"font-weight: 400; text-align: center;\"><span style=\"color: #000000;\">Szkolenie okresowe pracownik\u00f3w na stanowiskach administracyjno \u2013 biurowych powinno by\u0107 przeprowadzone nie rzadziej ni\u017c raz na 5 lub 6\u00a0lat.<\/span><\/p>\t\t\t\t\t\t<\/div>\n\t\t\t\t<\/div>\n\t\t\t\t<div class=\"elementor-element elementor-element-117e0055 elementor-widget elementor-widget-text-editor\" data-id=\"117e0055\" data-element_type=\"widget\" data-widget_type=\"text-editor.default\">\n\t\t\t\t<div class=\"elementor-widget-container\">\n\t\t\t\t\t\t\t<p style=\"font-weight: 400;\"><span style=\"color: #000000;\">Program szkolenia obejmuje mi\u0119dzy innymi:<\/span><\/p><ul style=\"font-weight: 400;\"><li><span style=\"color: #000000;\">ocen\u0119 zagro\u017ce\u0144 zwi\u0105zanych z\u00a0wykonywan\u0105 prac\u0105<\/span><\/li><li><span style=\"color: #000000;\">kszta\u0142towanie pracy zgodnie z\u00a0warunkami BHP<\/span><\/li><li><span style=\"color: #000000;\">post\u0119powanie w\u00a0razie zaistnienia wypadku<\/span><\/li><\/ul><p style=\"font-weight: 400;\"><span style=\"color: #000000;\"><strong>Czas trwania szkolenia: 8\u00a0godzin dydaktycznych<\/strong><\/span><\/p>\t\t\t\t\t\t<\/div>\n\t\t\t\t<\/div>\n\t\t\t\t\t<\/div>\n\t\t<\/div>\n\t\t\t\t<div class=\"elementor-column elementor-col-50 elementor-top-column elementor-element elementor-element-522213f5\" data-id=\"522213f5\" data-element_type=\"column\">\n\t\t\t<div class=\"elementor-widget-wrap elementor-element-populated\">\n\t\t\t\t\t\t<div class=\"elementor-element elementor-element-7f186cb7 elementor-widget elementor-widget-image\" data-id=\"7f186cb7\" data-element_type=\"widget\" data-widget_type=\"image.default\">\n\t\t\t\t<div class=\"elementor-widget-container\">\n\t\t\t\t\t\t\t\t\t\t\t\t\t<img fetchpriority=\"high\" decoding=\"async\" width=\"640\" height=\"427\" src=\"https:\/\/bhpakl.pl\/wp-content\/uploads\/2024\/03\/WhatsApp-Image-2024-03-09-at-16.04.22-3-1024x683.jpeg\" class=\"attachment-large size-large wp-image-224619\" alt=\"\" srcset=\"https:\/\/bhpakl.pl\/wp-content\/uploads\/2024\/03\/WhatsApp-Image-2024-03-09-at-16.04.22-3-1024x683.jpeg 1024w, https:\/\/bhpakl.pl\/wp-content\/uploads\/2024\/03\/WhatsApp-Image-2024-03-09-at-16.04.22-3-300x200.jpeg 300w, https:\/\/bhpakl.pl\/wp-content\/uploads\/2024\/03\/WhatsApp-Image-2024-03-09-at-16.04.22-3-768x512.jpeg 768w, https:\/\/bhpakl.pl\/wp-content\/uploads\/2024\/03\/WhatsApp-Image-2024-03-09-at-16.04.22-3-1536x1024.jpeg 1536w, https:\/\/bhpakl.pl\/wp-content\/uploads\/2024\/03\/WhatsApp-Image-2024-03-09-at-16.04.22-3-600x400.jpeg 600w, https:\/\/bhpakl.pl\/wp-content\/uploads\/2024\/03\/WhatsApp-Image-2024-03-09-at-16.04.22-3.jpeg 2048w\" sizes=\"(max-width: 640px) 100vw, 640px\" \/>\t\t\t\t\t\t\t\t\t\t\t\t\t<\/div>\n\t\t\t\t<\/div>\n\t\t\t\t\t<\/div>\n\t\t<\/div>\n\t\t\t\t\t<\/div>\n\t\t<\/section>\n\t\t\t\t<section class=\"elementor-section elementor-top-section elementor-element elementor-element-774641b elementor-section-stretched elementor-section-boxed elementor-section-height-default elementor-section-height-default\" data-id=\"774641b\" data-element_type=\"section\" data-settings=\"{&quot;stretch_section&quot;:&quot;section-stretched&quot;}\">\n\t\t\t\t\t\t<div class=\"elementor-container elementor-column-gap-default\">\n\t\t\t\t\t<div class=\"elementor-column elementor-col-50 elementor-top-column elementor-element elementor-element-74b07d4\" data-id=\"74b07d4\" data-element_type=\"column\">\n\t\t\t<div class=\"elementor-widget-wrap elementor-element-populated\">\n\t\t\t\t\t\t<div class=\"elementor-element elementor-element-55052ef elementor-widget elementor-widget-image\" data-id=\"55052ef\" data-element_type=\"widget\" data-widget_type=\"image.default\">\n\t\t\t\t<div class=\"elementor-widget-container\">\n\t\t\t\t\t\t\t\t\t\t\t\t\t<img decoding=\"async\" width=\"640\" height=\"449\" src=\"https:\/\/bhpakl.pl\/wp-content\/uploads\/2024\/03\/WhatsApp-Image-2024-03-09-at-16.04.21-1024x718.jpeg\" class=\"attachment-large size-large wp-image-224620\" alt=\"\" srcset=\"https:\/\/bhpakl.pl\/wp-content\/uploads\/2024\/03\/WhatsApp-Image-2024-03-09-at-16.04.21-1024x718.jpeg 1024w, https:\/\/bhpakl.pl\/wp-content\/uploads\/2024\/03\/WhatsApp-Image-2024-03-09-at-16.04.21-300x210.jpeg 300w, https:\/\/bhpakl.pl\/wp-content\/uploads\/2024\/03\/WhatsApp-Image-2024-03-09-at-16.04.21-768x539.jpeg 768w, https:\/\/bhpakl.pl\/wp-content\/uploads\/2024\/03\/WhatsApp-Image-2024-03-09-at-16.04.21-1536x1077.jpeg 1536w, https:\/\/bhpakl.pl\/wp-content\/uploads\/2024\/03\/WhatsApp-Image-2024-03-09-at-16.04.21-600x421.jpeg 600w, https:\/\/bhpakl.pl\/wp-content\/uploads\/2024\/03\/WhatsApp-Image-2024-03-09-at-16.04.21.jpeg 2048w\" sizes=\"(max-width: 640px) 100vw, 640px\" \/>\t\t\t\t\t\t\t\t\t\t\t\t\t<\/div>\n\t\t\t\t<\/div>\n\t\t\t\t\t<\/div>\n\t\t<\/div>\n\t\t\t\t<div class=\"elementor-column elementor-col-50 elementor-top-column elementor-element elementor-element-3b51f0f\" data-id=\"3b51f0f\" data-element_type=\"column\">\n\t\t\t<div class=\"elementor-widget-wrap elementor-element-populated\">\n\t\t\t\t\t\t<div class=\"elementor-element elementor-element-1b737a3 elementor-widget elementor-widget-thim-heading\" data-id=\"1b737a3\" data-element_type=\"widget\" data-widget_type=\"thim-heading.default\">\n\t\t\t\t<div class=\"elementor-widget-container\">\n\t\t\t<div\n        class=\"thim-sc-heading text-center layout-2 \">\n    <div class=\"heading-content\">\n\n\t\t\n\t\t<h3 class=\"primary-heading\">SZKOLENIE<\/h3>    <\/div>\n\t        <p class=\"secondary-heading\">\n\t\t\tDLA PRACOWNIK\u00d3W NA STANOWISKACH ROBOTNICZYCH        <\/p>\n\t\t        <span class=\"underline\"><\/span>\n\t<\/div>\n\t\t<\/div>\n\t\t\t\t<\/div>\n\t\t\t\t<div class=\"elementor-element elementor-element-334b766 elementor-widget elementor-widget-text-editor\" data-id=\"334b766\" data-element_type=\"widget\" data-widget_type=\"text-editor.default\">\n\t\t\t\t<div class=\"elementor-widget-container\">\n\t\t\t\t\t\t\t<p style=\"font-weight: 400; text-align: center;\"><span style=\"color: #000000;\">Szczeg\u00f3ln\u0105 uwag\u0119 nale\u017cy zwr\u00f3ci\u0107 na szkolenia dla stanowisk robotniczych. <br \/>To w\u0142a\u015bnie Ci pracownicy obarczeni s\u0105 najwi\u0119ksz\u0105 liczb\u0105 zagro\u017ce\u0144 zwi\u0105zany ze swoj\u0105 prac\u0105 oraz najcz\u0119\u015bciej padaj\u0105 ofiar\u0105 wypadk\u00f3w w\u00a0pracy.<\/span><\/p>\t\t\t\t\t\t<\/div>\n\t\t\t\t<\/div>\n\t\t\t\t<div class=\"elementor-element elementor-element-7675952 elementor-widget elementor-widget-text-editor\" data-id=\"7675952\" data-element_type=\"widget\" data-widget_type=\"text-editor.default\">\n\t\t\t\t<div class=\"elementor-widget-container\">\n\t\t\t\t\t\t\t<p style=\"font-weight: 400;\"><span style=\"color: #000000;\">Szkolenie k\u0142adzie nacisk na:<\/span><\/p><ul style=\"font-weight: 400;\"><li><span style=\"color: #000000;\">Zapoznanie si\u0119 pracownik\u00f3w z\u00a0zasadami BHP<\/span><\/li><li><span style=\"color: #000000;\">Zdobycie umiej\u0119tno\u015bci radzenia sobie w\u00a0sytuacjach niebezpiecznych<\/span><\/li><li><span style=\"color: #000000;\">Przyswojenie metod przeciwdzia\u0142ania wypadkom<\/span><\/li><\/ul><p style=\"font-weight: 400; text-align: center;\"><span style=\"color: #000000;\">Szkolenia BHP dla stanowisk robotniczych musz\u0105 by\u0107 przeprowadzane nie rzadziej ni\u017c raz ma 3\u00a0lata. Natomiast w\u00a0przypadku prac o\u00a0szczeg\u00f3lnym zagro\u017ceniu, nie rzadziej ni\u017c na rok.<\/span><\/p><p style=\"font-weight: 400;\"><span style=\"color: #000000;\"><strong>Czas trwania szkolenia: 8\u00a0godzin dydaktycznych<\/strong><\/span><\/p>\t\t\t\t\t\t<\/div>\n\t\t\t\t<\/div>\n\t\t\t\t\t<\/div>\n\t\t<\/div>\n\t\t\t\t\t<\/div>\n\t\t<\/section>\n\t\t\t\t<section class=\"elementor-section elementor-top-section elementor-element elementor-element-4030b9f elementor-section-stretched elementor-section-boxed elementor-section-height-default elementor-section-height-default\" data-id=\"4030b9f\" data-element_type=\"section\" data-settings=\"{&quot;stretch_section&quot;:&quot;section-stretched&quot;}\">\n\t\t\t\t\t\t<div class=\"elementor-container elementor-column-gap-default\">\n\t\t\t\t\t<div class=\"elementor-column elementor-col-50 elementor-top-column elementor-element elementor-element-335b656\" data-id=\"335b656\" data-element_type=\"column\">\n\t\t\t<div class=\"elementor-widget-wrap elementor-element-populated\">\n\t\t\t\t\t\t<div class=\"elementor-element elementor-element-7ab447c elementor-widget elementor-widget-thim-heading\" data-id=\"7ab447c\" data-element_type=\"widget\" data-widget_type=\"thim-heading.default\">\n\t\t\t\t<div class=\"elementor-widget-container\">\n\t\t\t<div\n        class=\"thim-sc-heading text-center layout-2 \">\n    <div class=\"heading-content\">\n\n\t\t\n\t\t<h3 class=\"primary-heading\">SZKOLENIE<\/h3>    <\/div>\n\t        <p class=\"secondary-heading\">\n\t\t\tDLA KADRY IN\u017bYNIERYJNO \u2013 TECHNICZNEJ        <\/p>\n\t\t        <span class=\"underline\"><\/span>\n\t<\/div>\n\t\t<\/div>\n\t\t\t\t<\/div>\n\t\t\t\t<div class=\"elementor-element elementor-element-8a24b09 elementor-widget elementor-widget-text-editor\" data-id=\"8a24b09\" data-element_type=\"widget\" data-widget_type=\"text-editor.default\">\n\t\t\t\t<div class=\"elementor-widget-container\">\n\t\t\t\t\t\t\t<p style=\"font-weight: 400; text-align: center;\"><span style=\"color: #000000;\">Szkolenie os\u00f3b zajmuj\u0105cych tego typu stanowiska powinny by\u0107 przeprowadzanie <br \/>maksymalnie co 5\u00a0lat.<\/span><\/p><p style=\"font-weight: 400;\"><span style=\"color: #000000;\">Nasze szkolenie odnosi si\u0119 do:<\/span><\/p><ul style=\"font-weight: 400;\"><li><span style=\"color: #000000;\">Oceny zagro\u017ce\u0144 w\u00a0trakcie wykonywania pracy<\/span><\/li><li><span style=\"color: #000000;\">Tworzenia stanowisk pracy w\u00a0oparciu o\u00a0zasady BHP<\/span><\/li><li><span style=\"color: #000000;\">Sposob\u00f3w usuwania lub minimalizowania zagro\u017ce\u0144 wyst\u0119puj\u0105cych w\u00a0pracy<\/span><\/li><\/ul><p style=\"font-weight: 400;\"><span style=\"color: #000000;\"><strong>Czas trwania szkolenia: 16 godzin dydaktycznych<\/strong><\/span><\/p>\t\t\t\t\t\t<\/div>\n\t\t\t\t<\/div>\n\t\t\t\t\t<\/div>\n\t\t<\/div>\n\t\t\t\t<div class=\"elementor-column elementor-col-50 elementor-top-column elementor-element elementor-element-e00f842\" data-id=\"e00f842\" data-element_type=\"column\">\n\t\t\t<div class=\"elementor-widget-wrap elementor-element-populated\">\n\t\t\t\t\t\t<div class=\"elementor-element elementor-element-85d7236 elementor-widget elementor-widget-image\" data-id=\"85d7236\" data-element_type=\"widget\" data-widget_type=\"image.default\">\n\t\t\t\t<div class=\"elementor-widget-container\">\n\t\t\t\t\t\t\t\t\t\t\t\t\t<img decoding=\"async\" width=\"640\" height=\"427\" src=\"https:\/\/bhpakl.pl\/wp-content\/uploads\/2024\/03\/WhatsApp-Image-2024-03-09-at-16.04.21-4-1024x683.jpeg\" class=\"attachment-large size-large wp-image-224622\" alt=\"\" srcset=\"https:\/\/bhpakl.pl\/wp-content\/uploads\/2024\/03\/WhatsApp-Image-2024-03-09-at-16.04.21-4-1024x683.jpeg 1024w, https:\/\/bhpakl.pl\/wp-content\/uploads\/2024\/03\/WhatsApp-Image-2024-03-09-at-16.04.21-4-300x200.jpeg 300w, https:\/\/bhpakl.pl\/wp-content\/uploads\/2024\/03\/WhatsApp-Image-2024-03-09-at-16.04.21-4-768x512.jpeg 768w, https:\/\/bhpakl.pl\/wp-content\/uploads\/2024\/03\/WhatsApp-Image-2024-03-09-at-16.04.21-4-1536x1025.jpeg 1536w, https:\/\/bhpakl.pl\/wp-content\/uploads\/2024\/03\/WhatsApp-Image-2024-03-09-at-16.04.21-4-600x400.jpeg 600w, https:\/\/bhpakl.pl\/wp-content\/uploads\/2024\/03\/WhatsApp-Image-2024-03-09-at-16.04.21-4.jpeg 2048w\" sizes=\"(max-width: 640px) 100vw, 640px\" \/>\t\t\t\t\t\t\t\t\t\t\t\t\t<\/div>\n\t\t\t\t<\/div>\n\t\t\t\t\t<\/div>\n\t\t<\/div>\n\t\t\t\t\t<\/div>\n\t\t<\/section>\n\t\t\t\t<section class=\"elementor-section elementor-top-section elementor-element elementor-element-31d5144 elementor-section-stretched elementor-section-boxed elementor-section-height-default elementor-section-height-default\" data-id=\"31d5144\" data-element_type=\"section\" data-settings=\"{&quot;stretch_section&quot;:&quot;section-stretched&quot;}\">\n\t\t\t\t\t\t<div class=\"elementor-container elementor-column-gap-default\">\n\t\t\t\t\t<div class=\"elementor-column elementor-col-50 elementor-top-column elementor-element elementor-element-72d9f31\" data-id=\"72d9f31\" data-element_type=\"column\">\n\t\t\t<div class=\"elementor-widget-wrap elementor-element-populated\">\n\t\t\t\t\t\t<div class=\"elementor-element elementor-element-c38b72c elementor-widget elementor-widget-image\" data-id=\"c38b72c\" data-element_type=\"widget\" data-widget_type=\"image.default\">\n\t\t\t\t<div class=\"elementor-widget-container\">\n\t\t\t\t\t\t\t\t\t\t\t\t\t<img loading=\"lazy\" decoding=\"async\" width=\"640\" height=\"960\" src=\"https:\/\/bhpakl.pl\/wp-content\/uploads\/2024\/03\/WhatsApp-Image-2024-03-09-at-16.04.22-683x1024.jpeg\" class=\"attachment-large size-large wp-image-224623\" alt=\"\" srcset=\"https:\/\/bhpakl.pl\/wp-content\/uploads\/2024\/03\/WhatsApp-Image-2024-03-09-at-16.04.22-683x1024.jpeg 683w, https:\/\/bhpakl.pl\/wp-content\/uploads\/2024\/03\/WhatsApp-Image-2024-03-09-at-16.04.22-200x300.jpeg 200w, https:\/\/bhpakl.pl\/wp-content\/uploads\/2024\/03\/WhatsApp-Image-2024-03-09-at-16.04.22-768x1152.jpeg 768w, https:\/\/bhpakl.pl\/wp-content\/uploads\/2024\/03\/WhatsApp-Image-2024-03-09-at-16.04.22-1024x1536.jpeg 1024w, https:\/\/bhpakl.pl\/wp-content\/uploads\/2024\/03\/WhatsApp-Image-2024-03-09-at-16.04.22-600x900.jpeg 600w, https:\/\/bhpakl.pl\/wp-content\/uploads\/2024\/03\/WhatsApp-Image-2024-03-09-at-16.04.22.jpeg 1365w\" sizes=\"(max-width: 640px) 100vw, 640px\" \/>\t\t\t\t\t\t\t\t\t\t\t\t\t<\/div>\n\t\t\t\t<\/div>\n\t\t\t\t\t<\/div>\n\t\t<\/div>\n\t\t\t\t<div class=\"elementor-column elementor-col-50 elementor-top-column elementor-element elementor-element-e2d62a2\" data-id=\"e2d62a2\" data-element_type=\"column\">\n\t\t\t<div class=\"elementor-widget-wrap elementor-element-populated\">\n\t\t\t\t\t\t<div class=\"elementor-element elementor-element-74456c1 elementor-widget elementor-widget-thim-heading\" data-id=\"74456c1\" data-element_type=\"widget\" data-widget_type=\"thim-heading.default\">\n\t\t\t\t<div class=\"elementor-widget-container\">\n\t\t\t<div\n        class=\"thim-sc-heading text-center layout-2 \">\n    <div class=\"heading-content\">\n\n\t\t\n\t\t<h3 class=\"primary-heading\">SZKOLENIE<\/h3>    <\/div>\n\t        <p class=\"secondary-heading\">\n\t\t\tDLA KADRY ZARZ\u0104DZAJ\u0104CEJ        <\/p>\n\t\t        <span class=\"underline\"><\/span>\n\t<\/div>\n\t\t<\/div>\n\t\t\t\t<\/div>\n\t\t\t\t<div class=\"elementor-element elementor-element-a7c3fb4 elementor-widget elementor-widget-text-editor\" data-id=\"a7c3fb4\" data-element_type=\"widget\" data-widget_type=\"text-editor.default\">\n\t\t\t\t<div class=\"elementor-widget-container\">\n\t\t\t\t\t\t\t<p style=\"font-weight: 400; text-align: center;\"><span style=\"color: #000000;\">Szkolenie okresowe skierowane do kadry kierowniczej, kt\u00f3re nie mo\u017ce by\u0107 przeprowadzane rzadziej ni\u017c raz na 5\u00a0lat.<\/span><\/p><p style=\"font-weight: 400;\"><span style=\"color: #000000;\">Szkolenie ma na celu zaktualizowa\u0107 wiedz\u0119 z\u00a0zakresu:<\/span><\/p><ul style=\"font-weight: 400;\"><li><span style=\"color: #000000;\">Oceny zagro\u017ce\u0144 i\u00a0ryzyka wynikaj\u0105cych z\u00a0zagro\u017ce\u0144 wyst\u0119puj\u0105cych w\u00a0czasie pracy<\/span><\/li><li><span style=\"color: #000000;\">Ochrony pracownik\u00f3w przed powy\u017cszymi zagro\u017ceniami<\/span><\/li><li><span style=\"color: #000000;\">Tworzenia warunk\u00f3w pracy wykluczaj\u0105cych ryzyko wyst\u0105pienia zagro\u017ce\u0144<\/span><\/li><\/ul><p style=\"font-weight: 400;\"><span style=\"color: #000000;\"><strong>Czas trwania szkolenia: 16 godzin dydaktycznych<\/strong><\/span><\/p><p class=\"MsoNormal\" style=\"line-height: 15.693334px; caret-color: #000000; color: #000000; text-align: justify;\">\u00a0<\/p>\t\t\t\t\t\t<\/div>\n\t\t\t\t<\/div>\n\t\t\t\t\t<\/div>\n\t\t<\/div>\n\t\t\t\t\t<\/div>\n\t\t<\/section>\n\t\t\t\t<\/div>\n\t\t","protected":false},"excerpt":{"rendered":"<p>SZKOLENIA OKRESOWE BHP OKRESOWE SZKOLENIE DLA PRACOWNIK\u00d3W ADMINISTRACYJNO \u2013 BIUROWYCH Szkolenie skierowane jest do pracownik\u00f3w administracyjno \u2013 biurowych firm korporacyjnych, administracji pa\u0144stwowej, szk\u00f3\u0142, uczelni wy\u017cszych, innych plac\u00f3wek o\u015bwiatowych oraz pracownik\u00f3w wykonuj\u0105cych na co dzie\u0144 prace biurowe i\u00a0pracuj\u0105cych przed monitorem komputera. Szkolenie okresowe pracownik\u00f3w na stanowiskach administracyjno \u2013 biurowych powinno by\u0107 przeprowadzone nie rzadziej ni\u017c raz&#8230;<\/p>\n","protected":false},"author":3,"featured_media":0,"parent":0,"menu_order":0,"comment_status":"closed","ping_status":"closed","template":"","meta":{"footnotes":""},"class_list":["post-224259","page","type-page","status-publish","hentry"],"_links":{"self":[{"href":"https:\/\/bhpakl.pl\/index.php\/wp-json\/wp\/v2\/pages\/224259","targetHints":{"allow":["GET"]}}],"collection":[{"href":"https:\/\/bhpakl.pl\/index.php\/wp-json\/wp\/v2\/pages"}],"about":[{"href":"https:\/\/bhpakl.pl\/index.php\/wp-json\/wp\/v2\/types\/page"}],"author":[{"embeddable":true,"href":"https:\/\/bhpakl.pl\/index.php\/wp-json\/wp\/v2\/users\/3"}],"replies":[{"embeddable":true,"href":"https:\/\/bhpakl.pl\/index.php\/wp-json\/wp\/v2\/comments?post=224259"}],"version-history":[{"count":41,"href":"https:\/\/bhpakl.pl\/index.php\/wp-json\/wp\/v2\/pages\/224259\/revisions"}],"predecessor-version":[{"id":224729,"href":"https:\/\/bhpakl.pl\/index.php\/wp-json\/wp\/v2\/pages\/224259\/revisions\/224729"}],"wp:attachment":[{"href":"https:\/\/bhpakl.pl\/index.php\/wp-json\/wp\/v2\/media?parent=224259"}],"curies":[{"name":"wp","href":"https:\/\/api.w.org\/{rel}","templated":true}]}}