{"id":224363,"date":"2024-02-27T12:56:58","date_gmt":"2024-02-27T11:56:58","guid":{"rendered":"https:\/\/bhpakl.pl\/?page_id=224363"},"modified":"2024-03-20T12:28:51","modified_gmt":"2024-03-20T11:28:51","slug":"szkolenie-dla-nauczycieli-i-opiekunow","status":"publish","type":"page","link":"https:\/\/bhpakl.pl\/index.php\/szkolenie-dla-nauczycieli-i-opiekunow\/","title":{"rendered":"Szkolenie dla nauczycieli i opiekun\u00f3w"},"content":{"rendered":"\t\t<div data-elementor-type=\"wp-page\" data-elementor-id=\"224363\" class=\"elementor elementor-224363\">\n\t\t\t\t\t\t<section class=\"elementor-section elementor-top-section elementor-element elementor-element-7d844a5 elementor-section-boxed elementor-section-height-default elementor-section-height-default\" data-id=\"7d844a5\" data-element_type=\"section\">\n\t\t\t\t\t\t<div class=\"elementor-container elementor-column-gap-default\">\n\t\t\t\t\t<div class=\"elementor-column elementor-col-100 elementor-top-column elementor-element elementor-element-26be0df\" data-id=\"26be0df\" data-element_type=\"column\">\n\t\t\t<div class=\"elementor-widget-wrap elementor-element-populated\">\n\t\t\t\t\t\t<div class=\"elementor-element elementor-element-2c0485db elementor-widget elementor-widget-thim-heading\" data-id=\"2c0485db\" data-element_type=\"widget\" data-widget_type=\"thim-heading.default\">\n\t\t\t\t<div class=\"elementor-widget-container\">\n\t\t\t<div\n        class=\"thim-sc-heading text-center layout-2 \">\n    <div class=\"heading-content\">\n\n\t\t\n\t\t<h3 class=\"primary-heading\">SZKOLENIA <\/h3>    <\/div>\n\t\t        <span class=\"underline\"><\/span>\n\t<\/div>\n\t\t<\/div>\n\t\t\t\t<\/div>\n\t\t\t\t\t<\/div>\n\t\t<\/div>\n\t\t\t\t\t<\/div>\n\t\t<\/section>\n\t\t\t\t<section class=\"elementor-section elementor-top-section elementor-element elementor-element-24093c8 elementor-section-boxed elementor-section-height-default elementor-section-height-default\" data-id=\"24093c8\" data-element_type=\"section\">\n\t\t\t\t\t\t<div class=\"elementor-container elementor-column-gap-default\">\n\t\t\t\t\t<div class=\"elementor-column elementor-col-50 elementor-top-column elementor-element elementor-element-4286dc6\" data-id=\"4286dc6\" data-element_type=\"column\">\n\t\t\t<div class=\"elementor-widget-wrap elementor-element-populated\">\n\t\t\t\t\t\t<div class=\"elementor-element elementor-element-5fd96d6 elementor-widget elementor-widget-spacer\" data-id=\"5fd96d6\" data-element_type=\"widget\" data-widget_type=\"spacer.default\">\n\t\t\t\t<div class=\"elementor-widget-container\">\n\t\t\t\t\t<div class=\"elementor-spacer\">\n\t\t\t<div class=\"elementor-spacer-inner\"><\/div>\n\t\t<\/div>\n\t\t\t\t<\/div>\n\t\t\t\t<\/div>\n\t\t\t\t<div class=\"elementor-element elementor-element-465b511 elementor-widget elementor-widget-text-editor\" data-id=\"465b511\" data-element_type=\"widget\" data-widget_type=\"text-editor.default\">\n\t\t\t\t<div class=\"elementor-widget-container\">\n\t\t\t\t\t\t\t<h5 style=\"text-align: center;\">Proponowane przez nas szkolenie skierowane jest do nauczycieli oraz opiekun\u00f3w, kt\u00f3rzy na co dzie\u0144 mog\u0105 mie\u0107 styczno\u015b\u0107 <br \/>z sytuacj\u0105 zagro\u017cenia zdrowia <br \/>lub \u017cycia.<\/h5>\t\t\t\t\t\t<\/div>\n\t\t\t\t<\/div>\n\t\t\t\t<div class=\"elementor-element elementor-element-213b502 elementor-widget elementor-widget-text-editor\" data-id=\"213b502\" data-element_type=\"widget\" data-widget_type=\"text-editor.default\">\n\t\t\t\t<div class=\"elementor-widget-container\">\n\t\t\t\t\t\t\t<p style=\"font-weight: 400;\"><span style=\"color: #000000;\">Program kursu:<\/span><\/p><ul><li><span style=\"color: #000000;\">Podstawy prawne udzielania pierwszej pomocy.<\/span><\/li><li><span style=\"color: #000000;\">Bezpiecze\u0144stwo prowadzenia akcji ratunkowej.<\/span><\/li><li><span style=\"color: #000000;\">\u0141a\u0144cuch prze\u017cycia.<\/span><\/li><li><span style=\"color: #000000;\">Ocena stanu przytomno\u015bci.<\/span><\/li><li><span style=\"color: #000000;\">Pozycja czteroko\u0144czynowa, bezpieczna.<\/span><\/li><li><span style=\"color: #000000;\">Resuscytacja kr\u0105\u017ceniowo-oddechowa osoby doros\u0142ej z u\u017cyciem AED<\/span><\/li><li><span style=\"color: #000000;\">Resuscytacja kr\u0105\u017ceniowo-oddechowa dziecka.<\/span><\/li><li><span style=\"color: #000000;\">Zad\u0142awienia u dziecka.<\/span><\/li><li><span style=\"color: #000000;\">Resuscytacja kr\u0105\u017ceniowo-oddechowa u niemowl\u0119cia.<\/span><\/li><li><span style=\"color: #000000;\">Zad\u0142awienia u niemowl\u0119cia.<\/span><\/li><li><span style=\"color: #000000;\">Post\u0119powanie ratownicze przy krwotokach.<\/span><\/li><li><span style=\"color: #000000;\">Post\u0119powanie ratownicze przy z\u0142amaniach.<\/span><\/li><li><span style=\"color: #000000;\">Post\u0119powanie ratownicze przy pora\u017ceniu pr\u0105dem.<\/span><\/li><li><span style=\"color: #000000;\">Post\u0119powanie ratownicze przy napadzie drgawkowym.<\/span><\/li><\/ul>\t\t\t\t\t\t<\/div>\n\t\t\t\t<\/div>\n\t\t\t\t\t<\/div>\n\t\t<\/div>\n\t\t\t\t<div class=\"elementor-column elementor-col-50 elementor-top-column elementor-element elementor-element-65fa601\" data-id=\"65fa601\" data-element_type=\"column\">\n\t\t\t<div class=\"elementor-widget-wrap elementor-element-populated\">\n\t\t\t\t\t\t<div class=\"elementor-element elementor-element-0967f46 elementor-widget elementor-widget-thim-heading\" data-id=\"0967f46\" data-element_type=\"widget\" data-widget_type=\"thim-heading.default\">\n\t\t\t\t<div class=\"elementor-widget-container\">\n\t\t\t<div\n        class=\"thim-sc-heading text-center layout-2 \">\n    <div class=\"heading-content\">\n\n\t\t\n\t\t<h3 class=\"primary-heading\">PIERWSZA POMOC<\/h3>    <\/div>\n\t        <p class=\"secondary-heading\">\n\t\t\tDLA NAUCZYCIELI I OPIEKUN\u00d3W        <\/p>\n\t\t        <span class=\"underline\"><\/span>\n\t<\/div>\n\t\t<\/div>\n\t\t\t\t<\/div>\n\t\t\t\t<div class=\"elementor-element elementor-element-86884a6 elementor-widget elementor-widget-image\" data-id=\"86884a6\" data-element_type=\"widget\" data-widget_type=\"image.default\">\n\t\t\t\t<div class=\"elementor-widget-container\">\n\t\t\t\t\t\t\t\t\t\t\t\t\t<img fetchpriority=\"high\" decoding=\"async\" width=\"640\" height=\"427\" src=\"https:\/\/bhpakl.pl\/wp-content\/uploads\/2024\/03\/WhatsApp-Image-2024-03-09-at-16.04.22-2-1024x683.jpeg\" class=\"attachment-large size-large wp-image-224630\" alt=\"\" srcset=\"https:\/\/bhpakl.pl\/wp-content\/uploads\/2024\/03\/WhatsApp-Image-2024-03-09-at-16.04.22-2-1024x683.jpeg 1024w, https:\/\/bhpakl.pl\/wp-content\/uploads\/2024\/03\/WhatsApp-Image-2024-03-09-at-16.04.22-2-300x200.jpeg 300w, https:\/\/bhpakl.pl\/wp-content\/uploads\/2024\/03\/WhatsApp-Image-2024-03-09-at-16.04.22-2-768x512.jpeg 768w, https:\/\/bhpakl.pl\/wp-content\/uploads\/2024\/03\/WhatsApp-Image-2024-03-09-at-16.04.22-2-1536x1024.jpeg 1536w, https:\/\/bhpakl.pl\/wp-content\/uploads\/2024\/03\/WhatsApp-Image-2024-03-09-at-16.04.22-2-600x400.jpeg 600w, https:\/\/bhpakl.pl\/wp-content\/uploads\/2024\/03\/WhatsApp-Image-2024-03-09-at-16.04.22-2.jpeg 2048w\" sizes=\"(max-width: 640px) 100vw, 640px\" \/>\t\t\t\t\t\t\t\t\t\t\t\t\t<\/div>\n\t\t\t\t<\/div>\n\t\t\t\t\t<\/div>\n\t\t<\/div>\n\t\t\t\t\t<\/div>\n\t\t<\/section>\n\t\t\t\t<\/div>\n\t\t","protected":false},"excerpt":{"rendered":"<p>SZKOLENIA Proponowane przez nas szkolenie skierowane jest do nauczycieli oraz opiekun\u00f3w, kt\u00f3rzy na co dzie\u0144 mog\u0105 mie\u0107 styczno\u015b\u0107 z sytuacj\u0105 zagro\u017cenia zdrowia lub \u017cycia. Program kursu: Podstawy prawne udzielania pierwszej pomocy. Bezpiecze\u0144stwo prowadzenia akcji ratunkowej. \u0141a\u0144cuch prze\u017cycia. Ocena stanu przytomno\u015bci. Pozycja czteroko\u0144czynowa, bezpieczna. Resuscytacja kr\u0105\u017ceniowo-oddechowa osoby doros\u0142ej z u\u017cyciem AED Resuscytacja kr\u0105\u017ceniowo-oddechowa dziecka. Zad\u0142awienia u&#8230;<\/p>\n","protected":false},"author":2,"featured_media":0,"parent":0,"menu_order":0,"comment_status":"closed","ping_status":"closed","template":"","meta":{"footnotes":""},"class_list":["post-224363","page","type-page","status-publish","hentry"],"_links":{"self":[{"href":"https:\/\/bhpakl.pl\/index.php\/wp-json\/wp\/v2\/pages\/224363","targetHints":{"allow":["GET"]}}],"collection":[{"href":"https:\/\/bhpakl.pl\/index.php\/wp-json\/wp\/v2\/pages"}],"about":[{"href":"https:\/\/bhpakl.pl\/index.php\/wp-json\/wp\/v2\/types\/page"}],"author":[{"embeddable":true,"href":"https:\/\/bhpakl.pl\/index.php\/wp-json\/wp\/v2\/users\/2"}],"replies":[{"embeddable":true,"href":"https:\/\/bhpakl.pl\/index.php\/wp-json\/wp\/v2\/comments?post=224363"}],"version-history":[{"count":28,"href":"https:\/\/bhpakl.pl\/index.php\/wp-json\/wp\/v2\/pages\/224363\/revisions"}],"predecessor-version":[{"id":224636,"href":"https:\/\/bhpakl.pl\/index.php\/wp-json\/wp\/v2\/pages\/224363\/revisions\/224636"}],"wp:attachment":[{"href":"https:\/\/bhpakl.pl\/index.php\/wp-json\/wp\/v2\/media?parent=224363"}],"curies":[{"name":"wp","href":"https:\/\/api.w.org\/{rel}","templated":true}]}}