{"id":224378,"date":"2024-02-27T14:27:26","date_gmt":"2024-02-27T13:27:26","guid":{"rendered":"https:\/\/bhpakl.pl\/?page_id=224378"},"modified":"2024-03-20T12:30:14","modified_gmt":"2024-03-20T11:30:14","slug":"szkolenie-dla-firm","status":"publish","type":"page","link":"https:\/\/bhpakl.pl\/index.php\/szkolenie-dla-firm\/","title":{"rendered":"Szkolenie dla firm"},"content":{"rendered":"\t\t<div data-elementor-type=\"wp-page\" data-elementor-id=\"224378\" class=\"elementor elementor-224378\">\n\t\t\t\t\t\t<section class=\"elementor-section elementor-top-section elementor-element elementor-element-35c34dc elementor-section-boxed elementor-section-height-default elementor-section-height-default\" data-id=\"35c34dc\" data-element_type=\"section\">\n\t\t\t\t\t\t<div class=\"elementor-container elementor-column-gap-default\">\n\t\t\t\t\t<div class=\"elementor-column elementor-col-100 elementor-top-column elementor-element elementor-element-fff0723\" data-id=\"fff0723\" data-element_type=\"column\">\n\t\t\t<div class=\"elementor-widget-wrap elementor-element-populated\">\n\t\t\t\t\t\t<div class=\"elementor-element elementor-element-2c0485db elementor-widget elementor-widget-thim-heading\" data-id=\"2c0485db\" data-element_type=\"widget\" data-widget_type=\"thim-heading.default\">\n\t\t\t\t<div class=\"elementor-widget-container\">\n\t\t\t<div\n        class=\"thim-sc-heading text-center layout-2 \">\n    <div class=\"heading-content\">\n\n\t\t\n\t\t<h3 class=\"primary-heading\">SZKOLENIA <\/h3>    <\/div>\n\t\t        <span class=\"underline\"><\/span>\n\t<\/div>\n\t\t<\/div>\n\t\t\t\t<\/div>\n\t\t\t\t\t<\/div>\n\t\t<\/div>\n\t\t\t\t\t<\/div>\n\t\t<\/section>\n\t\t\t\t<section class=\"elementor-section elementor-top-section elementor-element elementor-element-24093c8 elementor-section-boxed elementor-section-height-default elementor-section-height-default\" data-id=\"24093c8\" data-element_type=\"section\">\n\t\t\t\t\t\t<div class=\"elementor-container elementor-column-gap-default\">\n\t\t\t\t\t<div class=\"elementor-column elementor-col-50 elementor-top-column elementor-element elementor-element-4286dc6\" data-id=\"4286dc6\" data-element_type=\"column\">\n\t\t\t<div class=\"elementor-widget-wrap elementor-element-populated\">\n\t\t\t\t\t\t<div class=\"elementor-element elementor-element-465b511 elementor-widget elementor-widget-text-editor\" data-id=\"465b511\" data-element_type=\"widget\" data-widget_type=\"text-editor.default\">\n\t\t\t\t<div class=\"elementor-widget-container\">\n\t\t\t\t\t\t\t<p style=\"font-weight: 400; text-align: left;\"><span style=\"color: #000000;\">Bezpiecze\u0144stwem i higien\u0105 pracy\nzajmuj\u0119 si\u0119 od 10 lat. <\/span>\n<span style=\"color: #000000;\">W tym czasie nieustannie poszerzam swoj\u0105\nwiedz\u0119 <\/span><span style=\"color: #000000;\">i rozwijam kompetencje zawodowe. <\/span>\n<span style=\"color: #000000;\">Z wykszta\u0142cenia jestem <\/span><span style=\"color: #000000;\">pedagogiem\nwychowania obronnego i fizycznego.<\/span><\/p>\n<p style=\"text-align: left;\"><span style=\"color: #000000;\">Zapraszam do wsp\u00f3\u0142pracy <\/span><\/p>\t\t\t\t\t\t<\/div>\n\t\t\t\t<\/div>\n\t\t\t\t<div class=\"elementor-element elementor-element-213b502 elementor-widget elementor-widget-text-editor\" data-id=\"213b502\" data-element_type=\"widget\" data-widget_type=\"text-editor.default\">\n\t\t\t\t<div class=\"elementor-widget-container\">\n\t\t\t\t\t\t\t<p style=\"font-weight: 400; text-align: center;\"><span style=\"color: #000000;\">Program kursu.<\/span><\/p><ul style=\"font-weight: 400;\"><li><span style=\"color: #000000;\">Podstawy prawne udzielania pierwszej pomocy.<\/span><\/li><li><span style=\"color: #000000;\">Bezpiecze\u0144stwo prowadzenia akcji ratunkowej.<\/span><\/li><li><span style=\"color: #000000;\">\u0141a\u0144cuch prze\u017cycia.<\/span><\/li><li><span style=\"color: #000000;\">Ocena stanu przytomno\u015bci.<\/span><\/li><li><span style=\"color: #000000;\">Pozycja czteroko\u0144czynowa, bezpieczna.<\/span><\/li><li><span style=\"color: #000000;\">Resuscytacja kr\u0105\u017ceniowo-oddechowa osoby doros\u0142ej z u\u017cyciem AED<\/span><\/li><li><span style=\"color: #000000;\">Resuscytacja kr\u0105\u017ceniowo-oddechowa dziecka.<\/span><\/li><li><span style=\"color: #000000;\">Zad\u0142awienia.<\/span><\/li><li><span style=\"color: #000000;\">Post\u0119powanie ratownicze przy krwotokach.<\/span><\/li><li><span style=\"color: #000000;\">Post\u0119powanie ratownicze przy z\u0142amaniach.<\/span><\/li><li><span style=\"color: #000000;\">Post\u0119powanie ratownicze przy amputacjach.<\/span><\/li><li><span style=\"color: #000000;\">Urazy kr\u0119gos\u0142upa.<\/span><\/li><li><span style=\"color: #000000;\">Post\u0119powanie ratownicze przy oparzeniach, odmro\u017ceniach.<\/span><\/li><li><span style=\"color: #000000;\">Post\u0119powanie ratownicze przy pora\u017ceniu pr\u0105dem.<\/span><\/li><li><span style=\"color: #000000;\">Napad drgawkowy, b\u00f3l w\u00a0klatce piersiowej, udar m\u00f3zgu.<\/span><\/li><li><span style=\"color: #000000;\">Apteczka pierwszej pomocy.<\/span><\/li><\/ul>\t\t\t\t\t\t<\/div>\n\t\t\t\t<\/div>\n\t\t\t\t\t<\/div>\n\t\t<\/div>\n\t\t\t\t<div class=\"elementor-column elementor-col-50 elementor-top-column elementor-element elementor-element-65fa601\" data-id=\"65fa601\" data-element_type=\"column\">\n\t\t\t<div class=\"elementor-widget-wrap elementor-element-populated\">\n\t\t\t\t\t\t<div class=\"elementor-element elementor-element-0967f46 elementor-widget elementor-widget-thim-heading\" data-id=\"0967f46\" data-element_type=\"widget\" data-widget_type=\"thim-heading.default\">\n\t\t\t\t<div class=\"elementor-widget-container\">\n\t\t\t<div\n        class=\"thim-sc-heading text-center layout-2 \">\n    <div class=\"heading-content\">\n\n\t\t\n\t\t<h3 class=\"primary-heading\">PIERWSZA POMOC<\/h3>    <\/div>\n\t        <p class=\"secondary-heading\">\n\t\t\tDLA FIRM        <\/p>\n\t\t        <span class=\"underline\"><\/span>\n\t<\/div>\n\t\t<\/div>\n\t\t\t\t<\/div>\n\t\t\t\t<div class=\"elementor-element elementor-element-86884a6 elementor-widget elementor-widget-image\" data-id=\"86884a6\" data-element_type=\"widget\" data-widget_type=\"image.default\">\n\t\t\t\t<div class=\"elementor-widget-container\">\n\t\t\t\t\t\t\t\t\t\t\t\t\t<img fetchpriority=\"high\" decoding=\"async\" width=\"640\" height=\"427\" src=\"https:\/\/bhpakl.pl\/wp-content\/uploads\/2024\/03\/WhatsApp-Image-2024-03-09-at-16.04.21-2-1024x683.jpeg\" class=\"attachment-large size-large wp-image-224637\" alt=\"\" srcset=\"https:\/\/bhpakl.pl\/wp-content\/uploads\/2024\/03\/WhatsApp-Image-2024-03-09-at-16.04.21-2-1024x683.jpeg 1024w, https:\/\/bhpakl.pl\/wp-content\/uploads\/2024\/03\/WhatsApp-Image-2024-03-09-at-16.04.21-2-300x200.jpeg 300w, https:\/\/bhpakl.pl\/wp-content\/uploads\/2024\/03\/WhatsApp-Image-2024-03-09-at-16.04.21-2-768x512.jpeg 768w, https:\/\/bhpakl.pl\/wp-content\/uploads\/2024\/03\/WhatsApp-Image-2024-03-09-at-16.04.21-2-1536x1024.jpeg 1536w, https:\/\/bhpakl.pl\/wp-content\/uploads\/2024\/03\/WhatsApp-Image-2024-03-09-at-16.04.21-2-600x400.jpeg 600w, https:\/\/bhpakl.pl\/wp-content\/uploads\/2024\/03\/WhatsApp-Image-2024-03-09-at-16.04.21-2.jpeg 2048w\" sizes=\"(max-width: 640px) 100vw, 640px\" \/>\t\t\t\t\t\t\t\t\t\t\t\t\t<\/div>\n\t\t\t\t<\/div>\n\t\t\t\t\t<\/div>\n\t\t<\/div>\n\t\t\t\t\t<\/div>\n\t\t<\/section>\n\t\t\t\t<\/div>\n\t\t","protected":false},"excerpt":{"rendered":"<p>SZKOLENIA Bezpiecze\u0144stwem i higien\u0105 pracy zajmuj\u0119 si\u0119 od 10 lat. W tym czasie nieustannie poszerzam swoj\u0105 wiedz\u0119 i rozwijam kompetencje zawodowe. Z wykszta\u0142cenia jestem pedagogiem wychowania obronnego i fizycznego. Zapraszam do wsp\u00f3\u0142pracy Program kursu. Podstawy prawne udzielania pierwszej pomocy. Bezpiecze\u0144stwo prowadzenia akcji ratunkowej. \u0141a\u0144cuch prze\u017cycia. Ocena stanu przytomno\u015bci. Pozycja czteroko\u0144czynowa, bezpieczna. Resuscytacja kr\u0105\u017ceniowo-oddechowa osoby doros\u0142ej&#8230;<\/p>\n","protected":false},"author":2,"featured_media":0,"parent":0,"menu_order":0,"comment_status":"closed","ping_status":"closed","template":"","meta":{"footnotes":""},"class_list":["post-224378","page","type-page","status-publish","hentry"],"_links":{"self":[{"href":"https:\/\/bhpakl.pl\/index.php\/wp-json\/wp\/v2\/pages\/224378","targetHints":{"allow":["GET"]}}],"collection":[{"href":"https:\/\/bhpakl.pl\/index.php\/wp-json\/wp\/v2\/pages"}],"about":[{"href":"https:\/\/bhpakl.pl\/index.php\/wp-json\/wp\/v2\/types\/page"}],"author":[{"embeddable":true,"href":"https:\/\/bhpakl.pl\/index.php\/wp-json\/wp\/v2\/users\/2"}],"replies":[{"embeddable":true,"href":"https:\/\/bhpakl.pl\/index.php\/wp-json\/wp\/v2\/comments?post=224378"}],"version-history":[{"count":10,"href":"https:\/\/bhpakl.pl\/index.php\/wp-json\/wp\/v2\/pages\/224378\/revisions"}],"predecessor-version":[{"id":224640,"href":"https:\/\/bhpakl.pl\/index.php\/wp-json\/wp\/v2\/pages\/224378\/revisions\/224640"}],"wp:attachment":[{"href":"https:\/\/bhpakl.pl\/index.php\/wp-json\/wp\/v2\/media?parent=224378"}],"curies":[{"name":"wp","href":"https:\/\/api.w.org\/{rel}","templated":true}]}}