{"id":224384,"date":"2024-02-27T14:36:12","date_gmt":"2024-02-27T13:36:12","guid":{"rendered":"https:\/\/bhpakl.pl\/?page_id=224384"},"modified":"2024-03-20T12:40:47","modified_gmt":"2024-03-20T11:40:47","slug":"szkolenie-dla-osob-indywidualnych","status":"publish","type":"page","link":"https:\/\/bhpakl.pl\/index.php\/szkolenie-dla-osob-indywidualnych\/","title":{"rendered":"Szkolenie dla os\u00f3b indywidualnych"},"content":{"rendered":"\t\t<div data-elementor-type=\"wp-page\" data-elementor-id=\"224384\" class=\"elementor elementor-224384\">\n\t\t\t\t\t\t<section class=\"elementor-section elementor-top-section elementor-element elementor-element-35c34dc elementor-section-boxed elementor-section-height-default elementor-section-height-default\" data-id=\"35c34dc\" data-element_type=\"section\">\n\t\t\t\t\t\t<div class=\"elementor-container elementor-column-gap-default\">\n\t\t\t\t\t<div class=\"elementor-column elementor-col-100 elementor-top-column elementor-element elementor-element-fff0723\" data-id=\"fff0723\" data-element_type=\"column\">\n\t\t\t<div class=\"elementor-widget-wrap elementor-element-populated\">\n\t\t\t\t\t\t<div class=\"elementor-element elementor-element-2c0485db elementor-widget elementor-widget-thim-heading\" data-id=\"2c0485db\" data-element_type=\"widget\" data-widget_type=\"thim-heading.default\">\n\t\t\t\t<div class=\"elementor-widget-container\">\n\t\t\t<div\n        class=\"thim-sc-heading text-center layout-2 \">\n    <div class=\"heading-content\">\n\n\t\t\n\t\t<h3 class=\"primary-heading\">SZKOLENIA <\/h3>    <\/div>\n\t\t        <span class=\"underline\"><\/span>\n\t<\/div>\n\t\t<\/div>\n\t\t\t\t<\/div>\n\t\t\t\t\t<\/div>\n\t\t<\/div>\n\t\t\t\t\t<\/div>\n\t\t<\/section>\n\t\t\t\t<section class=\"elementor-section elementor-top-section elementor-element elementor-element-24093c8 elementor-section-boxed elementor-section-height-default elementor-section-height-default\" data-id=\"24093c8\" data-element_type=\"section\">\n\t\t\t\t\t\t<div class=\"elementor-container elementor-column-gap-default\">\n\t\t\t\t\t<div class=\"elementor-column elementor-col-50 elementor-top-column elementor-element elementor-element-4286dc6\" data-id=\"4286dc6\" data-element_type=\"column\">\n\t\t\t<div class=\"elementor-widget-wrap elementor-element-populated\">\n\t\t\t\t\t\t<div class=\"elementor-element elementor-element-0967f46 elementor-widget elementor-widget-thim-heading\" data-id=\"0967f46\" data-element_type=\"widget\" data-widget_type=\"thim-heading.default\">\n\t\t\t\t<div class=\"elementor-widget-container\">\n\t\t\t<div\n        class=\"thim-sc-heading text-center layout-2 \">\n    <div class=\"heading-content\">\n\n\t\t\n\t\t<h3 class=\"primary-heading\">PIERWSZA POMOC<\/h3>    <\/div>\n\t        <p class=\"secondary-heading\">\n\t\t\tDLA OS\u00d3B INDYWIDUALNYCH        <\/p>\n\t\t        <span class=\"underline\"><\/span>\n\t<\/div>\n\t\t<\/div>\n\t\t\t\t<\/div>\n\t\t\t\t<div class=\"elementor-element elementor-element-213b502 elementor-widget elementor-widget-text-editor\" data-id=\"213b502\" data-element_type=\"widget\" data-widget_type=\"text-editor.default\">\n\t\t\t\t<div class=\"elementor-widget-container\">\n\t\t\t\t\t\t\t<p style=\"font-weight: 400;\"><span style=\"color: #000000;\">Program kursu:<\/span><\/p><ul><li><span style=\"color: #000000;\">Podstawy prawne udzielania pierwszej pomocy.<\/span><\/li><li><span style=\"color: #000000;\">Bezpiecze\u0144stwo prowadzenia akcji ratunkowej.<\/span><\/li><li><span style=\"color: #000000;\">\u0141a\u0144cuch prze\u017cycia.<\/span><\/li><li><span style=\"color: #000000;\">Ocena stanu przytomno\u015bci.<\/span><\/li><\/ul><ul style=\"font-weight: 400;\"><li><span style=\"color: #000000;\">Pozycja czteroko\u0144czynowa, bezpieczna.<\/span><\/li><\/ul><ul><li><span style=\"color: #000000;\">Resuscytacja kr\u0105\u017ceniowo-oddechowa osoby doros\u0142ej z u\u017cyciem AED<\/span><\/li><li><span style=\"color: #000000;\">Resuscytacja kr\u0105\u017ceniowo-oddechowa dziecka.<\/span><\/li><li><span style=\"color: #000000;\">Zad\u0142awienia.<\/span><\/li><li><span style=\"color: #000000;\">Post\u0119powanie ratownicze przy krwotokach.<\/span><\/li><li><span style=\"color: #000000;\">Post\u0119powanie ratownicze przy z\u0142amaniach.<\/span><\/li><li><span style=\"color: #000000;\">Post\u0119powanie ratownicze przy amputacjach.<\/span><\/li><li><span style=\"color: #000000;\">Urazy kr\u0119gos\u0142upa.<\/span><\/li><li><span style=\"color: #000000;\">Post\u0119powanie ratownicze przy oparzeniach i odmro\u017ceniach.<\/span><\/li><li><span style=\"color: #000000;\">Post\u0119powanie ratownicze przy pora\u017ceniu pr\u0105dem.<\/span><\/li><li><span style=\"color: #000000;\">Napad drgawkowy, b\u00f3l w klatce piersiowej, udar m\u00f3zgu.<\/span><\/li><li><span style=\"color: #000000;\">Apteczka pierwszej pomocy.<\/span><\/li><\/ul>\t\t\t\t\t\t<\/div>\n\t\t\t\t<\/div>\n\t\t\t\t\t<\/div>\n\t\t<\/div>\n\t\t\t\t<div class=\"elementor-column elementor-col-50 elementor-top-column elementor-element elementor-element-65fa601\" data-id=\"65fa601\" data-element_type=\"column\">\n\t\t\t<div class=\"elementor-widget-wrap elementor-element-populated\">\n\t\t\t\t\t\t<div class=\"elementor-element elementor-element-86884a6 elementor-widget elementor-widget-image\" data-id=\"86884a6\" data-element_type=\"widget\" data-widget_type=\"image.default\">\n\t\t\t\t<div class=\"elementor-widget-container\">\n\t\t\t\t\t\t\t\t\t\t\t\t\t<img fetchpriority=\"high\" decoding=\"async\" width=\"640\" height=\"708\" src=\"https:\/\/bhpakl.pl\/wp-content\/uploads\/2024\/03\/WhatsApp-Image-2024-03-09-at-16.04.23-925x1024.jpeg\" class=\"attachment-large size-large wp-image-224641\" alt=\"\" srcset=\"https:\/\/bhpakl.pl\/wp-content\/uploads\/2024\/03\/WhatsApp-Image-2024-03-09-at-16.04.23-925x1024.jpeg 925w, https:\/\/bhpakl.pl\/wp-content\/uploads\/2024\/03\/WhatsApp-Image-2024-03-09-at-16.04.23-271x300.jpeg 271w, https:\/\/bhpakl.pl\/wp-content\/uploads\/2024\/03\/WhatsApp-Image-2024-03-09-at-16.04.23-768x850.jpeg 768w, https:\/\/bhpakl.pl\/wp-content\/uploads\/2024\/03\/WhatsApp-Image-2024-03-09-at-16.04.23-1387x1536.jpeg 1387w, https:\/\/bhpakl.pl\/wp-content\/uploads\/2024\/03\/WhatsApp-Image-2024-03-09-at-16.04.23-600x664.jpeg 600w, https:\/\/bhpakl.pl\/wp-content\/uploads\/2024\/03\/WhatsApp-Image-2024-03-09-at-16.04.23.jpeg 1500w\" sizes=\"(max-width: 640px) 100vw, 640px\" \/>\t\t\t\t\t\t\t\t\t\t\t\t\t<\/div>\n\t\t\t\t<\/div>\n\t\t\t\t\t<\/div>\n\t\t<\/div>\n\t\t\t\t\t<\/div>\n\t\t<\/section>\n\t\t\t\t<\/div>\n\t\t","protected":false},"excerpt":{"rendered":"<p>SZKOLENIA PIERWSZA POMOC DLA OS\u00d3B INDYWIDUALNYCH Program kursu: Podstawy prawne udzielania pierwszej pomocy. Bezpiecze\u0144stwo prowadzenia akcji ratunkowej. \u0141a\u0144cuch prze\u017cycia. Ocena stanu przytomno\u015bci. Pozycja czteroko\u0144czynowa, bezpieczna. Resuscytacja kr\u0105\u017ceniowo-oddechowa osoby doros\u0142ej z u\u017cyciem AED Resuscytacja kr\u0105\u017ceniowo-oddechowa dziecka. Zad\u0142awienia. Post\u0119powanie ratownicze przy krwotokach. Post\u0119powanie ratownicze przy z\u0142amaniach. Post\u0119powanie ratownicze przy amputacjach. Urazy kr\u0119gos\u0142upa. Post\u0119powanie ratownicze przy oparzeniach i&#8230;<\/p>\n","protected":false},"author":2,"featured_media":0,"parent":0,"menu_order":0,"comment_status":"closed","ping_status":"closed","template":"","meta":{"footnotes":""},"class_list":["post-224384","page","type-page","status-publish","hentry"],"_links":{"self":[{"href":"https:\/\/bhpakl.pl\/index.php\/wp-json\/wp\/v2\/pages\/224384","targetHints":{"allow":["GET"]}}],"collection":[{"href":"https:\/\/bhpakl.pl\/index.php\/wp-json\/wp\/v2\/pages"}],"about":[{"href":"https:\/\/bhpakl.pl\/index.php\/wp-json\/wp\/v2\/types\/page"}],"author":[{"embeddable":true,"href":"https:\/\/bhpakl.pl\/index.php\/wp-json\/wp\/v2\/users\/2"}],"replies":[{"embeddable":true,"href":"https:\/\/bhpakl.pl\/index.php\/wp-json\/wp\/v2\/comments?post=224384"}],"version-history":[{"count":10,"href":"https:\/\/bhpakl.pl\/index.php\/wp-json\/wp\/v2\/pages\/224384\/revisions"}],"predecessor-version":[{"id":224644,"href":"https:\/\/bhpakl.pl\/index.php\/wp-json\/wp\/v2\/pages\/224384\/revisions\/224644"}],"wp:attachment":[{"href":"https:\/\/bhpakl.pl\/index.php\/wp-json\/wp\/v2\/media?parent=224384"}],"curies":[{"name":"wp","href":"https:\/\/api.w.org\/{rel}","templated":true}]}}