{"id":224660,"date":"2024-03-20T14:01:49","date_gmt":"2024-03-20T13:01:49","guid":{"rendered":"https:\/\/bhpakl.pl\/?page_id=224660"},"modified":"2024-03-20T14:23:50","modified_gmt":"2024-03-20T13:23:50","slug":"cennik","status":"publish","type":"page","link":"https:\/\/bhpakl.pl\/index.php\/cennik\/","title":{"rendered":"Cennik"},"content":{"rendered":"\t\t<div data-elementor-type=\"wp-page\" data-elementor-id=\"224660\" class=\"elementor elementor-224660\">\n\t\t\t\t\t\t<section class=\"elementor-section elementor-top-section elementor-element elementor-element-4a8b08e5 elementor-section-full_width elementor-section-height-default elementor-section-height-default\" data-id=\"4a8b08e5\" data-element_type=\"section\">\n\t\t\t\t\t\t<div class=\"elementor-container elementor-column-gap-default\">\n\t\t\t\t\t<div class=\"elementor-column elementor-col-50 elementor-top-column elementor-element elementor-element-67ad651\" data-id=\"67ad651\" data-element_type=\"column\">\n\t\t\t<div class=\"elementor-widget-wrap elementor-element-populated\">\n\t\t\t\t\t\t<div class=\"elementor-element elementor-element-745aa9f elementor-widget elementor-widget-thim-heading\" data-id=\"745aa9f\" data-element_type=\"widget\" data-widget_type=\"thim-heading.default\">\n\t\t\t\t<div class=\"elementor-widget-container\">\n\t\t\t<div\n        class=\"thim-sc-heading text-center layout-2 \">\n    <div class=\"heading-content\">\n\n\t\t\n\t\t<h3 class=\"primary-heading\" style=\"color: ; font-size: px; font-weight: normal; font-style: normal;\">Cennik<\/h3>    <\/div>\n\t\t<\/div>\n\t\t<\/div>\n\t\t\t\t<\/div>\n\t\t\t\t<div class=\"elementor-element elementor-element-50a3958d elementor-widget elementor-widget-text-editor\" data-id=\"50a3958d\" data-element_type=\"widget\" data-widget_type=\"text-editor.default\">\n\t\t\t\t<div class=\"elementor-widget-container\">\n\t\t\t\t\t\t\t<ul><li><h5><strong>SZKOLENIA WST\u0118PNE BHP \u2013 od 49 z\u0142\/os<\/strong><\/h5><\/li><li><h5><strong>SZKOLENIE OKRESOWE DLA PRACOWNIK\u00d3W ADMINISTRACYJNO \u2013 BIUROWYCH &#8211; od 79z\u0142\/os<\/strong><\/h5><\/li><li><h5><strong>SZKOLENIE OKRESOWE DLA KADRY IN\u017bYNIERYJNO \u2013 TECHNICZNEJ &#8211; od 79z\u0142\/os<\/strong><\/h5><\/li><li style=\"font-weight: 400;\"><h5><strong>SZKOLENIE OKRESOWE DLA PRACOWNIK\u00d3W ZATRUDNIONYCH NA STANOWISKACH ROBOTNICZYCH &#8211; od 79z\u0142\/os<\/strong><\/h5><\/li><li style=\"font-weight: 400;\"><h5><strong>SZKOLENIE OKRESOWE DLA KADRY ZARZ\u0104DZAJ\u0104CEJ \u2013 od 159 z\u0142\/os<\/strong><\/h5><\/li><li style=\"font-weight: 400;\"><h5><strong>OBS\u0141UGA BHP FIRM \u2013 cena ustalana jest indywidualnie w zale\u017cno\u015bci od ilo\u015bci pracownik\u00f3w oraz \u015brodowiska pracy<\/strong><\/h5><\/li><li style=\"font-weight: 400;\"><h5><strong>SZKOLENIE Z\u00a0PIERWSZEJ POMOCY DLA FIRM \u2013 49 z\u0142\/os<\/strong><\/h5><\/li><li><h5><strong>SZKOLENIE Z PIERWSZEJ POMOCY DLA OS\u00d3B INDYWIDUALNYCH \u2013 od 159 z\u0142<\/strong><\/h5><\/li><li style=\"font-weight: 400;\"><h5><strong>SZKOLENIE Z PIERWSZEJ POMOCY DLA NAUCZYCIELI I OPIEKUN\u00d3W &#8211; od 45 z\u0142\/os<\/strong><\/h5><\/li><\/ul>\t\t\t\t\t\t<\/div>\n\t\t\t\t<\/div>\n\t\t\t\t\t<\/div>\n\t\t<\/div>\n\t\t\t\t<div class=\"elementor-column elementor-col-50 elementor-top-column elementor-element elementor-element-552d22ac\" data-id=\"552d22ac\" data-element_type=\"column\">\n\t\t\t<div class=\"elementor-widget-wrap elementor-element-populated\">\n\t\t\t\t\t\t<div class=\"elementor-element elementor-element-3863f800 elementor-widget elementor-widget-image\" data-id=\"3863f800\" data-element_type=\"widget\" data-widget_type=\"image.default\">\n\t\t\t\t<div class=\"elementor-widget-container\">\n\t\t\t\t\t\t\t\t\t\t\t\t\t<img fetchpriority=\"high\" decoding=\"async\" width=\"640\" height=\"960\" src=\"https:\/\/bhpakl.pl\/wp-content\/uploads\/2024\/03\/WhatsApp-Image-2024-03-09-at-16.04.22-1-683x1024.jpeg\" class=\"attachment-large size-large wp-image-224676\" alt=\"\" srcset=\"https:\/\/bhpakl.pl\/wp-content\/uploads\/2024\/03\/WhatsApp-Image-2024-03-09-at-16.04.22-1-683x1024.jpeg 683w, https:\/\/bhpakl.pl\/wp-content\/uploads\/2024\/03\/WhatsApp-Image-2024-03-09-at-16.04.22-1-200x300.jpeg 200w, https:\/\/bhpakl.pl\/wp-content\/uploads\/2024\/03\/WhatsApp-Image-2024-03-09-at-16.04.22-1-768x1151.jpeg 768w, https:\/\/bhpakl.pl\/wp-content\/uploads\/2024\/03\/WhatsApp-Image-2024-03-09-at-16.04.22-1-1025x1536.jpeg 1025w, https:\/\/bhpakl.pl\/wp-content\/uploads\/2024\/03\/WhatsApp-Image-2024-03-09-at-16.04.22-1-600x899.jpeg 600w, https:\/\/bhpakl.pl\/wp-content\/uploads\/2024\/03\/WhatsApp-Image-2024-03-09-at-16.04.22-1.jpeg 1136w\" sizes=\"(max-width: 640px) 100vw, 640px\" \/>\t\t\t\t\t\t\t\t\t\t\t\t\t<\/div>\n\t\t\t\t<\/div>\n\t\t\t\t\t<\/div>\n\t\t<\/div>\n\t\t\t\t\t<\/div>\n\t\t<\/section>\n\t\t\t\t<section class=\"elementor-section elementor-top-section elementor-element elementor-element-3ee310c7 elementor-section-full_width elementor-section-height-default elementor-section-height-default\" data-id=\"3ee310c7\" data-element_type=\"section\">\n\t\t\t\t\t\t<div class=\"elementor-container elementor-column-gap-default\">\n\t\t\t\t\t<div class=\"elementor-column elementor-col-100 elementor-top-column elementor-element elementor-element-c65bf45\" data-id=\"c65bf45\" data-element_type=\"column\">\n\t\t\t<div class=\"elementor-widget-wrap elementor-element-populated\">\n\t\t\t\t\t\t<div class=\"elementor-element elementor-element-1feee6f1 elementor-widget elementor-widget-thim-heading\" data-id=\"1feee6f1\" data-element_type=\"widget\" data-widget_type=\"thim-heading.default\">\n\t\t\t\t<div class=\"elementor-widget-container\">\n\t\t\t<div\n        class=\"thim-sc-heading text-center layout-2 \">\n    <div class=\"heading-content\">\n\n\t\t\n\t\t<h3 class=\"primary-heading\" style=\"color: ; font-size: px; font-weight: normal; font-style: normal;\">Co Wybra\u0107 ?<\/h3>    <\/div>\n\t        <p class=\"secondary-heading\">\n\t\t\tRozwijamy nasz\u0105 ofert\u0119, aby sprosta\u0107 r\u00f3\u017cnorodnym potrzebom w dziedzinie BHP & Pierwsza Pomoc        <\/p>\n\t\t        <span class=\"underline\"><\/span>\n\t<\/div>\n\t\t<\/div>\n\t\t\t\t<\/div>\n\t\t\t\t\t<\/div>\n\t\t<\/div>\n\t\t\t\t\t<\/div>\n\t\t<\/section>\n\t\t\t\t<section class=\"elementor-section elementor-top-section elementor-element elementor-element-1bd77e46 elementor-section-full_width elementor-section-height-default elementor-section-height-default\" data-id=\"1bd77e46\" data-element_type=\"section\">\n\t\t\t\t\t\t<div class=\"elementor-container elementor-column-gap-default\">\n\t\t\t\t\t<div class=\"elementor-column elementor-col-33 elementor-top-column elementor-element elementor-element-6962d083\" data-id=\"6962d083\" data-element_type=\"column\">\n\t\t\t<div class=\"elementor-widget-wrap elementor-element-populated\">\n\t\t\t\t\t\t<div class=\"elementor-element elementor-element-2ba2f255 elementor-widget elementor-widget-thim-icon-box\" data-id=\"2ba2f255\" data-element_type=\"widget\" data-widget_type=\"thim-icon-box.default\">\n\t\t\t\t<div class=\"elementor-widget-container\">\n\t\t\t\n<div\n        class=\"thim-sc-icon-box  layout-5 \">\n\t<a href=\"https:\/\/bhpakl.pl\/index.php\/szkolenia-bhp\/\">    <div class=\"icon-box-wrapper\" style=\"\">\n\t\t            <div class=\"box-icon\" style=\"background-color: ;\">\n\t\t\t\t<i class=\"icon-ionicons ion-android-compass\" aria-hidden=\"true\"><\/i>            <\/div>\n\t\t        <div class=\"box-content\">\n\t\t\t                <h3 class=\"title\">\n\t\t\t\t\tSzkolenia BHP                <\/h3>\n\t\t\t\t\t\t        <\/div>\n    <\/div>\n\t<\/a><\/div>\n\n\n\t\t<\/div>\n\t\t\t\t<\/div>\n\t\t\t\t\t<\/div>\n\t\t<\/div>\n\t\t\t\t<div class=\"elementor-column elementor-col-33 elementor-top-column elementor-element elementor-element-7bf6a462\" data-id=\"7bf6a462\" data-element_type=\"column\">\n\t\t\t<div class=\"elementor-widget-wrap elementor-element-populated\">\n\t\t\t\t\t\t<div class=\"elementor-element elementor-element-c101a29 elementor-widget elementor-widget-thim-icon-box\" data-id=\"c101a29\" data-element_type=\"widget\" data-widget_type=\"thim-icon-box.default\">\n\t\t\t\t<div class=\"elementor-widget-container\">\n\t\t\t\n<div\n        class=\"thim-sc-icon-box  layout-5 \">\n\t<a href=\"https:\/\/bhpakl.pl\/index.php\/pierwsza-pomoc\/\">    <div class=\"icon-box-wrapper\" style=\"\">\n\t\t            <div class=\"box-icon\" style=\"background-color: ;\">\n\t\t\t\t<i class=\"icon-ionicons ion-android-compass\" aria-hidden=\"true\"><\/i>            <\/div>\n\t\t        <div class=\"box-content\">\n\t\t\t                <h3 class=\"title\">\n\t\t\t\t\tSzkolenia z Pierwszej Pomocy                <\/h3>\n\t\t\t\t\t\t        <\/div>\n    <\/div>\n\t<\/a><\/div>\n\n\n\t\t<\/div>\n\t\t\t\t<\/div>\n\t\t\t\t\t<\/div>\n\t\t<\/div>\n\t\t\t\t<div class=\"elementor-column elementor-col-33 elementor-top-column elementor-element elementor-element-451f04ce\" data-id=\"451f04ce\" data-element_type=\"column\">\n\t\t\t<div class=\"elementor-widget-wrap elementor-element-populated\">\n\t\t\t\t\t\t<div class=\"elementor-element elementor-element-32f5fda9 elementor-widget elementor-widget-thim-icon-box\" data-id=\"32f5fda9\" data-element_type=\"widget\" data-widget_type=\"thim-icon-box.default\">\n\t\t\t\t<div class=\"elementor-widget-container\">\n\t\t\t\n<div\n        class=\"thim-sc-icon-box  layout-5 \">\n\t<a href=\"https:\/\/bhpakl.pl\/index.php\/obsluga-bhp-firm\/\">    <div class=\"icon-box-wrapper\" style=\"\">\n\t\t            <div class=\"box-icon\" style=\"background-color: ;\">\n\t\t\t\t<i class=\"icon-ionicons ion-android-compass\" aria-hidden=\"true\"><\/i>            <\/div>\n\t\t        <div class=\"box-content\">\n\t\t\t                <h3 class=\"title\">\n\t\t\t\t\tKompleksowa Obs\u0142uga FIRM                <\/h3>\n\t\t\t\t\t\t        <\/div>\n    <\/div>\n\t<\/a><\/div>\n\n\n\t\t<\/div>\n\t\t\t\t<\/div>\n\t\t\t\t\t<\/div>\n\t\t<\/div>\n\t\t\t\t\t<\/div>\n\t\t<\/section>\n\t\t\t\t<section class=\"elementor-section elementor-top-section elementor-element elementor-element-2371b3a8 elementor-section-boxed elementor-section-height-default elementor-section-height-default\" data-id=\"2371b3a8\" data-element_type=\"section\">\n\t\t\t\t\t\t<div class=\"elementor-container elementor-column-gap-default\">\n\t\t\t\t\t<div class=\"elementor-column elementor-col-100 elementor-top-column elementor-element elementor-element-5f3081c1\" data-id=\"5f3081c1\" data-element_type=\"column\">\n\t\t\t<div class=\"elementor-widget-wrap\">\n\t\t\t\t\t\t\t<\/div>\n\t\t<\/div>\n\t\t\t\t\t<\/div>\n\t\t<\/section>\n\t\t\t\t<\/div>\n\t\t","protected":false},"excerpt":{"rendered":"<p>Cennik SZKOLENIA WST\u0118PNE BHP \u2013 od 49 z\u0142\/os SZKOLENIE OKRESOWE DLA PRACOWNIK\u00d3W ADMINISTRACYJNO \u2013 BIUROWYCH &#8211; od 79z\u0142\/os SZKOLENIE OKRESOWE DLA KADRY IN\u017bYNIERYJNO \u2013 TECHNICZNEJ &#8211; od 79z\u0142\/os SZKOLENIE OKRESOWE DLA PRACOWNIK\u00d3W ZATRUDNIONYCH NA STANOWISKACH ROBOTNICZYCH &#8211; od 79z\u0142\/os SZKOLENIE OKRESOWE DLA KADRY ZARZ\u0104DZAJ\u0104CEJ \u2013 od 159 z\u0142\/os OBS\u0141UGA BHP FIRM \u2013 cena ustalana jest&#8230;<\/p>\n","protected":false},"author":3,"featured_media":0,"parent":0,"menu_order":0,"comment_status":"closed","ping_status":"closed","template":"","meta":{"footnotes":""},"class_list":["post-224660","page","type-page","status-publish","hentry"],"_links":{"self":[{"href":"https:\/\/bhpakl.pl\/index.php\/wp-json\/wp\/v2\/pages\/224660","targetHints":{"allow":["GET"]}}],"collection":[{"href":"https:\/\/bhpakl.pl\/index.php\/wp-json\/wp\/v2\/pages"}],"about":[{"href":"https:\/\/bhpakl.pl\/index.php\/wp-json\/wp\/v2\/types\/page"}],"author":[{"embeddable":true,"href":"https:\/\/bhpakl.pl\/index.php\/wp-json\/wp\/v2\/users\/3"}],"replies":[{"embeddable":true,"href":"https:\/\/bhpakl.pl\/index.php\/wp-json\/wp\/v2\/comments?post=224660"}],"version-history":[{"count":22,"href":"https:\/\/bhpakl.pl\/index.php\/wp-json\/wp\/v2\/pages\/224660\/revisions"}],"predecessor-version":[{"id":224693,"href":"https:\/\/bhpakl.pl\/index.php\/wp-json\/wp\/v2\/pages\/224660\/revisions\/224693"}],"wp:attachment":[{"href":"https:\/\/bhpakl.pl\/index.php\/wp-json\/wp\/v2\/media?parent=224660"}],"curies":[{"name":"wp","href":"https:\/\/api.w.org\/{rel}","templated":true}]}}