{"id":6820,"date":"2019-07-11T20:26:31","date_gmt":"2019-07-11T13:26:31","guid":{"rendered":"http:\/\/wordpresslms.thimpress.com\/element-4\/?page_id=6820"},"modified":"2024-03-21T01:12:48","modified_gmt":"2024-03-21T00:12:48","slug":"home","status":"publish","type":"page","link":"https:\/\/bhpakl.pl\/","title":{"rendered":"Home"},"content":{"rendered":"\t\t<div data-elementor-type=\"wp-post\" data-elementor-id=\"6820\" class=\"elementor elementor-6820\">\n\t\t\t\t\t\t<section class=\"elementor-section elementor-top-section elementor-element elementor-element-82508f4 elementor-section-stretched elementor-section-full_width home4-header-box elementor-section-height-default elementor-section-height-default\" data-id=\"82508f4\" data-element_type=\"section\" data-settings=\"{&quot;stretch_section&quot;:&quot;section-stretched&quot;,&quot;background_background&quot;:&quot;classic&quot;}\">\n\t\t\t\t\t\t<div class=\"elementor-container elementor-column-gap-default\">\n\t\t\t\t\t<div class=\"elementor-column elementor-col-100 elementor-top-column elementor-element elementor-element-b8e8dda container\" data-id=\"b8e8dda\" data-element_type=\"column\">\n\t\t\t<div class=\"elementor-widget-wrap elementor-element-populated\">\n\t\t\t\t\t\t<div class=\"elementor-element elementor-element-484528a elementor-hidden-tablet elementor-hidden-mobile elementor-widget elementor-widget-thim-gallery-carousel\" data-id=\"484528a\" data-element_type=\"widget\" data-widget_type=\"thim-gallery-carousel.default\">\n\t\t\t\t<div class=\"elementor-widget-container\">\n\t\t\t<div class=\"thim-gallery-carousel  \" data-nav=\"no\">\n\t<div class=\"gallery-carousel owl-carousel owl-theme\">\n\t\t<div class=\"item-gallery\"><img fetchpriority=\"high\" decoding=\"async\" src=\"https:\/\/bhpakl.pl\/wp-content\/uploads\/2024\/03\/WhatsApp-Image-2024-03-09-at-16.04.23-1-1516x652.jpeg\" alt=\"WhatsApp Image 2024-03-09 at 16.04.23 (1)\" class=\"no-lazy\" width=\"1516\" height=\"652\"><div class=\"info\"><h3>BHP Anna Kleszyk-Liber<\/h3><h4><\/h4><\/div><\/div>\t<\/div>\n<\/div>\n\t\t<\/div>\n\t\t\t\t<\/div>\n\t\t\t\t\t<\/div>\n\t\t<\/div>\n\t\t\t\t\t<\/div>\n\t\t<\/section>\n\t\t\t\t<section class=\"elementor-section elementor-top-section elementor-element elementor-element-d05c278 elementor-section-stretched home4-couter-box elementor-section-boxed elementor-section-height-default elementor-section-height-default\" data-id=\"d05c278\" data-element_type=\"section\" data-settings=\"{&quot;stretch_section&quot;:&quot;section-stretched&quot;,&quot;background_background&quot;:&quot;classic&quot;}\">\n\t\t\t\t\t\t<div class=\"elementor-container elementor-column-gap-default\">\n\t\t\t\t\t<div class=\"elementor-column elementor-col-66 elementor-top-column elementor-element elementor-element-55b0d2e\" data-id=\"55b0d2e\" data-element_type=\"column\">\n\t\t\t<div class=\"elementor-widget-wrap elementor-element-populated\">\n\t\t\t\t\t\t<div class=\"elementor-element elementor-element-00f4681 elementor-absolute elementor-hidden-tablet elementor-hidden-mobile elementor-widget elementor-widget-heading\" data-id=\"00f4681\" data-element_type=\"widget\" data-settings=\"{&quot;_position&quot;:&quot;absolute&quot;}\" data-widget_type=\"heading.default\">\n\t\t\t\t<div class=\"elementor-widget-container\">\n\t\t\t<h3 class=\"elementor-heading-title elementor-size-default\">Zaufa\u0142o mi <\/h3>\t\t<\/div>\n\t\t\t\t<\/div>\n\t\t\t\t<div class=\"elementor-element elementor-element-5c0bc99 elementor-absolute elementor-hidden-tablet elementor-hidden-mobile elementor-widget elementor-widget-thim-counter-box\" data-id=\"5c0bc99\" data-element_type=\"widget\" data-settings=\"{&quot;_position&quot;:&quot;absolute&quot;}\" data-widget_type=\"thim-counter-box.default\">\n\t\t\t\t<div class=\"elementor-widget-container\">\n\t\t\t    <div class=\"thim-sc-counter-box demo-single-instructor style-2\"\n         data-line=\"no-line\">\n\t\t\n\t\t\t\t\t\t\t\t\t                <div class=\"counter_box no-line\">\n\t\t\t\t\t\n\t\t\t\t\t\n                    <div class=\"number\" style=\"color: #ffffff\">\n\t\t\t\t\t\t<span class=\"number_counter\" data-number=\"19\" data-thousands-sep=\"0\"><\/span>                    <\/div>\n\n\t\t\t\t\t                        <div class=\"title_counter\">\n                            <h4 class=\"title\"\n                                style=\"color: #ffffff\">Klient\u00f3w Indywidualnych <\/h4>\n                        <\/div>\n\t\t\t\t\t                <\/div>\n\t\t\t\t\t\t\t                <div class=\"counter_box no-line\">\n\t\t\t\t\t\n\t\t\t\t\t\n                    <div class=\"number\" style=\"color: #FFFFFF\">\n\t\t\t\t\t\t<span class=\"number_counter\" data-number=\"3\" data-thousands-sep=\"0\"><\/span>                    <\/div>\n\n\t\t\t\t\t                        <div class=\"title_counter\">\n                            <h4 class=\"title\"\n                                style=\"color: #FFFFFF\">Plac\u00f3wki Publiczne<\/h4>\n                        <\/div>\n\t\t\t\t\t                <\/div>\n\t\t\t\t\t\t\t                <div class=\"counter_box no-line\">\n\t\t\t\t\t\n\t\t\t\t\t\n                    <div class=\"number\" style=\"color: #FFFFFF\">\n\t\t\t\t\t\t<span class=\"number_counter\" data-number=\"7\" data-thousands-sep=\"0\"><\/span>                    <\/div>\n\n\t\t\t\t\t                        <div class=\"title_counter\">\n                            <h4 class=\"title\"\n                                style=\"color: #FFFFFF\">Firm<\/h4>\n                        <\/div>\n\t\t\t\t\t                <\/div>\n\t\t\t\t\t    <\/div>\n\n\t\t<\/div>\n\t\t\t\t<\/div>\n\t\t\t\t\t<\/div>\n\t\t<\/div>\n\t\t\t\t<div class=\"elementor-column elementor-col-33 elementor-top-column elementor-element elementor-element-402aee7\" data-id=\"402aee7\" data-element_type=\"column\">\n\t\t\t<div class=\"elementor-widget-wrap elementor-element-populated\">\n\t\t\t\t\t\t<div class=\"elementor-element elementor-element-b2e49c0 elementor-widget__width-initial elementor-widget elementor-widget-thim-text-box\" data-id=\"b2e49c0\" data-element_type=\"widget\" data-widget_type=\"thim-text-box.default\">\n\t\t\t\t<div class=\"elementor-widget-container\">\n\t\t\t<div class=\"thim-sc-text-box style-4 size-small \">\n\t        <div class=\"title-1\"><strong>MAM NA IMI\u0118 ANNA<strong><\/div>\n\t\n\t        <div class=\"title-2\"><pre><p style=\"font-weight: 400; text-align: left;\"><span style=\"color: #000000;\">Bezpiecze\u0144stwem i higien\u0105 pracy\nzajmuj\u0119 si\u0119 od 10 lat. <\/span>\n<span style=\"color: #000000;\">W tym czasie nieustannie poszerzam swoj\u0105\nwiedz\u0119 <\/span><span style=\"color: #000000;\">i rozwijam kompetencje zawodowe. <\/span>\n<span style=\"color: #000000;\">Z wykszta\u0142cenia jestem <\/span><span style=\"color: #000000;\">pedagogiem\nwychowania obronnego i fizycznego.<\/span><\/p>\n<p style=\"text-align: left;\"><span style=\"color: #000000;\">Zapraszam do wsp\u00f3\u0142pracy <\/span><\/p><\/div>\n\t\n\t<a href=\"https:\/\/bhpakl.pl\/index.php\/o-mnie\/\" class=\"btn btn-default\"><span class=\"text\">Dowiedz si\u0119 wi\u0119cej<\/span><\/a><\/div>\n\t\t<\/div>\n\t\t\t\t<\/div>\n\t\t\t\t\t<\/div>\n\t\t<\/div>\n\t\t\t\t\t<\/div>\n\t\t<\/section>\n\t\t\t\t<section class=\"elementor-section elementor-top-section elementor-element elementor-element-1d1e2c2 elementor-section-boxed elementor-section-height-default elementor-section-height-default\" data-id=\"1d1e2c2\" data-element_type=\"section\">\n\t\t\t\t\t\t<div class=\"elementor-container elementor-column-gap-default\">\n\t\t\t\t\t<div class=\"elementor-column elementor-col-100 elementor-top-column elementor-element elementor-element-3816f8b\" data-id=\"3816f8b\" data-element_type=\"column\">\n\t\t\t<div class=\"elementor-widget-wrap\">\n\t\t\t\t\t\t\t<\/div>\n\t\t<\/div>\n\t\t\t\t\t<\/div>\n\t\t<\/section>\n\t\t\t\t<\/div>\n\t\t","protected":false},"excerpt":{"rendered":"<p>BHP Anna Kleszyk-Liber Zaufa\u0142o mi Klient\u00f3w Indywidualnych Plac\u00f3wki Publiczne Firm MAM NA IMI\u0118 ANNA Bezpiecze\u0144stwem i higien\u0105 pracy zajmuj\u0119 si\u0119 od 10 lat. W tym czasie nieustannie poszerzam swoj\u0105 wiedz\u0119 i rozwijam kompetencje zawodowe. Z wykszta\u0142cenia jestem pedagogiem wychowania obronnego i fizycznego. Zapraszam do wsp\u00f3\u0142pracy Dowiedz si\u0119 wi\u0119cej<\/p>\n","protected":false},"author":2,"featured_media":0,"parent":0,"menu_order":0,"comment_status":"closed","ping_status":"closed","template":"templates\/home-page.php","meta":{"footnotes":""},"class_list":["post-6820","page","type-page","status-publish","hentry"],"_links":{"self":[{"href":"https:\/\/bhpakl.pl\/index.php\/wp-json\/wp\/v2\/pages\/6820","targetHints":{"allow":["GET"]}}],"collection":[{"href":"https:\/\/bhpakl.pl\/index.php\/wp-json\/wp\/v2\/pages"}],"about":[{"href":"https:\/\/bhpakl.pl\/index.php\/wp-json\/wp\/v2\/types\/page"}],"author":[{"embeddable":true,"href":"https:\/\/bhpakl.pl\/index.php\/wp-json\/wp\/v2\/users\/2"}],"replies":[{"embeddable":true,"href":"https:\/\/bhpakl.pl\/index.php\/wp-json\/wp\/v2\/comments?post=6820"}],"version-history":[{"count":96,"href":"https:\/\/bhpakl.pl\/index.php\/wp-json\/wp\/v2\/pages\/6820\/revisions"}],"predecessor-version":[{"id":224715,"href":"https:\/\/bhpakl.pl\/index.php\/wp-json\/wp\/v2\/pages\/6820\/revisions\/224715"}],"wp:attachment":[{"href":"https:\/\/bhpakl.pl\/index.php\/wp-json\/wp\/v2\/media?parent=6820"}],"curies":[{"name":"wp","href":"https:\/\/api.w.org\/{rel}","templated":true}]}}