{"id":6843,"date":"2019-07-13T08:52:04","date_gmt":"2019-07-13T01:52:04","guid":{"rendered":"http:\/\/wordpresslms.thimpress.com\/element-4\/?page_id=6843"},"modified":"2024-03-04T18:58:39","modified_gmt":"2024-03-04T17:58:39","slug":"o-mnie","status":"publish","type":"page","link":"https:\/\/bhpakl.pl\/index.php\/o-mnie\/","title":{"rendered":"O mnie"},"content":{"rendered":"\t\t<div data-elementor-type=\"wp-post\" data-elementor-id=\"6843\" class=\"elementor elementor-6843\">\n\t\t\t\t\t\t<section class=\"elementor-section elementor-top-section elementor-element elementor-element-45b9d03 elementor-section-full_width elementor-section-height-default elementor-section-height-default\" data-id=\"45b9d03\" data-element_type=\"section\">\n\t\t\t\t\t\t<div class=\"elementor-container elementor-column-gap-default\">\n\t\t\t\t\t<div class=\"elementor-column elementor-col-100 elementor-top-column elementor-element elementor-element-6b75b51\" data-id=\"6b75b51\" data-element_type=\"column\">\n\t\t\t<div class=\"elementor-widget-wrap elementor-element-populated\">\n\t\t\t\t\t\t<div class=\"elementor-element elementor-element-7b0ebd0 elementor-widget elementor-widget-spacer\" data-id=\"7b0ebd0\" data-element_type=\"widget\" data-widget_type=\"spacer.default\">\n\t\t\t\t<div class=\"elementor-widget-container\">\n\t\t\t\t\t<div class=\"elementor-spacer\">\n\t\t\t<div class=\"elementor-spacer-inner\"><\/div>\n\t\t<\/div>\n\t\t\t\t<\/div>\n\t\t\t\t<\/div>\n\t\t\t\t<div class=\"elementor-element elementor-element-dd8d3a8 elementor-widget elementor-widget-thim-heading\" data-id=\"dd8d3a8\" data-element_type=\"widget\" data-widget_type=\"thim-heading.default\">\n\t\t\t\t<div class=\"elementor-widget-container\">\n\t\t\t<div\n        class=\"thim-sc-heading text-center layout-2 \">\n    <div class=\"heading-content\">\n\n\t\t\n\t\t<h3 class=\"primary-heading\" style=\"color: ; font-size: px; font-weight: normal; font-style: normal;\">Us\u0142ugi na miar\u0119 Twoich oczekiwa\u0144<\/h3>    <\/div>\n\t        <p class=\"secondary-heading\">\n\t\t\tRozwijamy nasz\u0105 ofert\u0119, aby sprosta\u0107 r\u00f3\u017cnorodnym potrzebom w dziedzinie BHP & Pierwsza Pomoc        <\/p>\n\t\t        <span class=\"underline\"><\/span>\n\t<\/div>\n\t\t<\/div>\n\t\t\t\t<\/div>\n\t\t\t\t\t<\/div>\n\t\t<\/div>\n\t\t\t\t\t<\/div>\n\t\t<\/section>\n\t\t\t\t<section class=\"elementor-section elementor-top-section elementor-element elementor-element-47b4ccff elementor-section-boxed elementor-section-height-default elementor-section-height-default\" data-id=\"47b4ccff\" data-element_type=\"section\">\n\t\t\t\t\t\t<div class=\"elementor-container elementor-column-gap-default\">\n\t\t\t\t\t<div class=\"elementor-column elementor-col-50 elementor-top-column elementor-element elementor-element-586e4821\" data-id=\"586e4821\" data-element_type=\"column\">\n\t\t\t<div class=\"elementor-widget-wrap elementor-element-populated\">\n\t\t\t\t\t\t<div class=\"elementor-element elementor-element-1d433c3d elementor-widget elementor-widget-text-editor\" data-id=\"1d433c3d\" data-element_type=\"widget\" data-widget_type=\"text-editor.default\">\n\t\t\t\t<div class=\"elementor-widget-container\">\n\t\t\t\t\t\t\t<h4 style=\"font-weight: 400; text-align: center;\">Bezpiecze\u0144stwem i higien\u0105 pracy zajmuj\u0119 si\u0119 od 10 lat. <br \/><br \/>W tym czasie nieustannie poszerzam swoj\u0105 wiedz\u0119 <br \/>i rozwijam kompetencje zawodowe.<br \/>Z wykszta\u0142cenia jestem pedagogiem <br \/>wychowania obronnego i fizycznego. <br \/><br \/>Na Politechnice Krakowskiej uko\u0144czy\u0142am<br \/>studia podyplomowe z zakresu <br \/>zarz\u0105dzania bezpiecze\u0144stwem i higien\u0105 pracy.<br \/>Od wielu lat wsp\u00f3\u0142pracuj\u0119 z plac\u00f3wkami o\u015bwiatowymi, <br \/>firmami i osobami prywatnymi, szkol\u0105c pracownik\u00f3w w kierunku \u015bwiadomego, racjonalnego i odpowiedzialnego funkcjonowania w \u015brodowisku pracy. <br \/><br \/>Kompleksowo zajmuje si\u0119 obs\u0142ug\u0105 dzia\u0142a\u0144 BHP w firmach. <br \/>Moj\u0105 pasj\u0105 jest przekazywanie wiedzy i umiej\u0119tno\u015bci dotycz\u0105cych dzia\u0142a\u0144 w obszarze udzielania<br \/>pierwszej pomocy. <br \/>Oferuj\u0119 indywidualne, profesjonalne podej\u015bcie <br \/>do ka\u017cdego zlecenia <br \/>i dok\u0142adam wszelkich stara\u0144, aby poziom <br \/>zadowolenia ze \u015bwiadczonych przeze<br \/>mnie us\u0142ug by\u0142 satysfakcjonuj\u0105cy dla obu stron.<br \/><br \/>Serdecznie zapraszam do wsp\u00f3\u0142pracy.<\/h4>\t\t\t\t\t\t<\/div>\n\t\t\t\t<\/div>\n\t\t\t\t\t<\/div>\n\t\t<\/div>\n\t\t\t\t<div class=\"elementor-column elementor-col-50 elementor-top-column elementor-element elementor-element-17d7a2b8\" data-id=\"17d7a2b8\" data-element_type=\"column\">\n\t\t\t<div class=\"elementor-widget-wrap elementor-element-populated\">\n\t\t\t\t\t\t<div class=\"elementor-element elementor-element-47fefbb9 elementor-widget elementor-widget-image\" data-id=\"47fefbb9\" data-element_type=\"widget\" data-widget_type=\"image.default\">\n\t\t\t\t<div class=\"elementor-widget-container\">\n\t\t\t\t\t\t\t\t\t\t\t\t\t<img fetchpriority=\"high\" decoding=\"async\" width=\"640\" height=\"961\" src=\"https:\/\/bhpakl.pl\/wp-content\/uploads\/2024\/02\/WhatsApp-Image-2024-02-28-at-22.24.10-682x1024.jpeg\" class=\"attachment-large size-large wp-image-224481\" alt=\"\" srcset=\"https:\/\/bhpakl.pl\/wp-content\/uploads\/2024\/02\/WhatsApp-Image-2024-02-28-at-22.24.10-682x1024.jpeg 682w, https:\/\/bhpakl.pl\/wp-content\/uploads\/2024\/02\/WhatsApp-Image-2024-02-28-at-22.24.10-200x300.jpeg 200w, https:\/\/bhpakl.pl\/wp-content\/uploads\/2024\/02\/WhatsApp-Image-2024-02-28-at-22.24.10-768x1152.jpeg 768w, https:\/\/bhpakl.pl\/wp-content\/uploads\/2024\/02\/WhatsApp-Image-2024-02-28-at-22.24.10-1024x1536.jpeg 1024w, https:\/\/bhpakl.pl\/wp-content\/uploads\/2024\/02\/WhatsApp-Image-2024-02-28-at-22.24.10-600x900.jpeg 600w, https:\/\/bhpakl.pl\/wp-content\/uploads\/2024\/02\/WhatsApp-Image-2024-02-28-at-22.24.10.jpeg 1121w\" sizes=\"(max-width: 640px) 100vw, 640px\" \/>\t\t\t\t\t\t\t\t\t\t\t\t\t<\/div>\n\t\t\t\t<\/div>\n\t\t\t\t\t<\/div>\n\t\t<\/div>\n\t\t\t\t\t<\/div>\n\t\t<\/section>\n\t\t\t\t<section class=\"elementor-section elementor-top-section elementor-element elementor-element-f14d1b7 elementor-section-full_width elementor-section-height-default elementor-section-height-default\" data-id=\"f14d1b7\" data-element_type=\"section\">\n\t\t\t\t\t\t<div class=\"elementor-container elementor-column-gap-default\">\n\t\t\t\t\t<div class=\"elementor-column elementor-col-100 elementor-top-column elementor-element elementor-element-6e48214\" data-id=\"6e48214\" data-element_type=\"column\">\n\t\t\t<div class=\"elementor-widget-wrap elementor-element-populated\">\n\t\t\t\t\t\t<div class=\"elementor-element elementor-element-cc3c24a elementor-widget elementor-widget-thim-heading\" data-id=\"cc3c24a\" data-element_type=\"widget\" data-widget_type=\"thim-heading.default\">\n\t\t\t\t<div class=\"elementor-widget-container\">\n\t\t\t<div\n        class=\"thim-sc-heading text-center layout-2 \">\n    <div class=\"heading-content\">\n\n\t\t\n\t\t<h3 class=\"primary-heading\" style=\"color: ; font-size: px; font-weight: normal; font-style: normal;\">Co Wybra\u0107 ?<\/h3>    <\/div>\n\t        <p class=\"secondary-heading\">\n\t\t\tRozwijamy nasz\u0105 ofert\u0119, aby sprosta\u0107 r\u00f3\u017cnorodnym potrzebom w dziedzinie BHP & Pierwsza Pomoc        <\/p>\n\t\t        <span class=\"underline\"><\/span>\n\t<\/div>\n\t\t<\/div>\n\t\t\t\t<\/div>\n\t\t\t\t\t<\/div>\n\t\t<\/div>\n\t\t\t\t\t<\/div>\n\t\t<\/section>\n\t\t\t\t<section class=\"elementor-section elementor-top-section elementor-element elementor-element-a3b1151 elementor-section-full_width elementor-section-height-default elementor-section-height-default\" data-id=\"a3b1151\" data-element_type=\"section\">\n\t\t\t\t\t\t<div class=\"elementor-container elementor-column-gap-default\">\n\t\t\t\t\t<div class=\"elementor-column elementor-col-33 elementor-top-column elementor-element elementor-element-3656fc9\" data-id=\"3656fc9\" data-element_type=\"column\">\n\t\t\t<div class=\"elementor-widget-wrap elementor-element-populated\">\n\t\t\t\t\t\t<div class=\"elementor-element elementor-element-a26b866 elementor-widget elementor-widget-thim-icon-box\" data-id=\"a26b866\" data-element_type=\"widget\" data-widget_type=\"thim-icon-box.default\">\n\t\t\t\t<div class=\"elementor-widget-container\">\n\t\t\t\n<div\n        class=\"thim-sc-icon-box  layout-5 \">\n\t<a href=\"https:\/\/bhpakl.pl\/index.php\/szkolenia-okresowe\/\">    <div class=\"icon-box-wrapper\" style=\"\">\n\t\t            <div class=\"box-icon\" style=\"background-color: ;\">\n\t\t\t\t<i class=\"icon-ionicons ion-android-compass\" aria-hidden=\"true\"><\/i>            <\/div>\n\t\t        <div class=\"box-content\">\n\t\t\t                <h3 class=\"title\">\n\t\t\t\t\tSzkolenia BHP                <\/h3>\n\t\t\t\t\t\t        <\/div>\n    <\/div>\n\t<\/a><\/div>\n\n\n\t\t<\/div>\n\t\t\t\t<\/div>\n\t\t\t\t\t<\/div>\n\t\t<\/div>\n\t\t\t\t<div class=\"elementor-column elementor-col-33 elementor-top-column elementor-element elementor-element-68c579f\" data-id=\"68c579f\" data-element_type=\"column\">\n\t\t\t<div class=\"elementor-widget-wrap elementor-element-populated\">\n\t\t\t\t\t\t<div class=\"elementor-element elementor-element-5a332f2 elementor-widget elementor-widget-thim-icon-box\" data-id=\"5a332f2\" data-element_type=\"widget\" data-widget_type=\"thim-icon-box.default\">\n\t\t\t\t<div class=\"elementor-widget-container\">\n\t\t\t\n<div\n        class=\"thim-sc-icon-box  layout-5 \">\n\t<a href=\"https:\/\/bhpakl.pl\/index.php\/pierwsza-pomoc\/\">    <div class=\"icon-box-wrapper\" style=\"\">\n\t\t            <div class=\"box-icon\" style=\"background-color: ;\">\n\t\t\t\t<i class=\"icon-ionicons ion-android-compass\" aria-hidden=\"true\"><\/i>            <\/div>\n\t\t        <div class=\"box-content\">\n\t\t\t                <h3 class=\"title\">\n\t\t\t\t\tSzkolenia z Pierwszej Pomocy                <\/h3>\n\t\t\t\t\t\t        <\/div>\n    <\/div>\n\t<\/a><\/div>\n\n\n\t\t<\/div>\n\t\t\t\t<\/div>\n\t\t\t\t\t<\/div>\n\t\t<\/div>\n\t\t\t\t<div class=\"elementor-column elementor-col-33 elementor-top-column elementor-element elementor-element-d3c03bc\" data-id=\"d3c03bc\" data-element_type=\"column\">\n\t\t\t<div class=\"elementor-widget-wrap elementor-element-populated\">\n\t\t\t\t\t\t<div class=\"elementor-element elementor-element-25f0dd5 elementor-widget elementor-widget-thim-icon-box\" data-id=\"25f0dd5\" data-element_type=\"widget\" data-widget_type=\"thim-icon-box.default\">\n\t\t\t\t<div class=\"elementor-widget-container\">\n\t\t\t\n<div\n        class=\"thim-sc-icon-box  layout-5 \">\n\t<a href=\"https:\/\/bhpakl.pl\/index.php\/obsluga-bhp-firm\/\">    <div class=\"icon-box-wrapper\" style=\"\">\n\t\t            <div class=\"box-icon\" style=\"background-color: ;\">\n\t\t\t\t<i class=\"icon-ionicons ion-android-compass\" aria-hidden=\"true\"><\/i>            <\/div>\n\t\t        <div class=\"box-content\">\n\t\t\t                <h3 class=\"title\">\n\t\t\t\t\tKompleksowa Obs\u0142uga FIRM                <\/h3>\n\t\t\t\t\t\t        <\/div>\n    <\/div>\n\t<\/a><\/div>\n\n\n\t\t<\/div>\n\t\t\t\t<\/div>\n\t\t\t\t\t<\/div>\n\t\t<\/div>\n\t\t\t\t\t<\/div>\n\t\t<\/section>\n\t\t\t\t<\/div>\n\t\t","protected":false},"excerpt":{"rendered":"<p>Us\u0142ugi na miar\u0119 Twoich oczekiwa\u0144 Rozwijamy nasz\u0105 ofert\u0119, aby sprosta\u0107 r\u00f3\u017cnorodnym potrzebom w dziedzinie BHP &#038; Pierwsza Pomoc Bezpiecze\u0144stwem i higien\u0105 pracy zajmuj\u0119 si\u0119 od 10 lat. W tym czasie nieustannie poszerzam swoj\u0105 wiedz\u0119 i rozwijam kompetencje zawodowe.Z wykszta\u0142cenia jestem pedagogiem wychowania obronnego i fizycznego. Na Politechnice Krakowskiej uko\u0144czy\u0142amstudia podyplomowe z zakresu zarz\u0105dzania bezpiecze\u0144stwem i&#8230;<\/p>\n","protected":false},"author":2,"featured_media":0,"parent":0,"menu_order":0,"comment_status":"closed","ping_status":"closed","template":"","meta":{"footnotes":""},"class_list":["post-6843","page","type-page","status-publish","hentry"],"_links":{"self":[{"href":"https:\/\/bhpakl.pl\/index.php\/wp-json\/wp\/v2\/pages\/6843","targetHints":{"allow":["GET"]}}],"collection":[{"href":"https:\/\/bhpakl.pl\/index.php\/wp-json\/wp\/v2\/pages"}],"about":[{"href":"https:\/\/bhpakl.pl\/index.php\/wp-json\/wp\/v2\/types\/page"}],"author":[{"embeddable":true,"href":"https:\/\/bhpakl.pl\/index.php\/wp-json\/wp\/v2\/users\/2"}],"replies":[{"embeddable":true,"href":"https:\/\/bhpakl.pl\/index.php\/wp-json\/wp\/v2\/comments?post=6843"}],"version-history":[{"count":34,"href":"https:\/\/bhpakl.pl\/index.php\/wp-json\/wp\/v2\/pages\/6843\/revisions"}],"predecessor-version":[{"id":224591,"href":"https:\/\/bhpakl.pl\/index.php\/wp-json\/wp\/v2\/pages\/6843\/revisions\/224591"}],"wp:attachment":[{"href":"https:\/\/bhpakl.pl\/index.php\/wp-json\/wp\/v2\/media?parent=6843"}],"curies":[{"name":"wp","href":"https:\/\/api.w.org\/{rel}","templated":true}]}}