{"id":6857,"date":"2019-07-13T09:02:43","date_gmt":"2019-07-13T02:02:43","guid":{"rendered":"http:\/\/wordpresslms.thimpress.com\/element-4\/?page_id=6857"},"modified":"2024-03-20T14:36:10","modified_gmt":"2024-03-20T13:36:10","slug":"kontakt","status":"publish","type":"page","link":"https:\/\/bhpakl.pl\/index.php\/kontakt\/","title":{"rendered":"Kontakt"},"content":{"rendered":"\t\t<div data-elementor-type=\"wp-post\" data-elementor-id=\"6857\" class=\"elementor elementor-6857\">\n\t\t\t\t\t\t<section class=\"elementor-section elementor-top-section elementor-element elementor-element-0fd4d9e elementor-section-stretched elementor-section-full_width elementor-section-height-default elementor-section-height-default\" data-id=\"0fd4d9e\" data-element_type=\"section\" data-settings=\"{&quot;stretch_section&quot;:&quot;section-stretched&quot;,&quot;background_background&quot;:&quot;gradient&quot;}\">\n\t\t\t\t\t\t<div class=\"elementor-container elementor-column-gap-default\">\n\t\t\t\t\t<div class=\"elementor-column elementor-col-100 elementor-top-column elementor-element elementor-element-d813c25\" data-id=\"d813c25\" data-element_type=\"column\" data-settings=\"{&quot;background_background&quot;:&quot;classic&quot;}\">\n\t\t\t<div class=\"elementor-widget-wrap elementor-element-populated\">\n\t\t\t\t\t\t<section class=\"elementor-section elementor-inner-section elementor-element elementor-element-032b7da elementor-section-full_width thim-max-width-lg vc_row-has-fill elementor-section-height-default elementor-section-height-default\" data-id=\"032b7da\" data-element_type=\"section\">\n\t\t\t\t\t\t<div class=\"elementor-container elementor-column-gap-default\">\n\t\t\t\t\t<div class=\"elementor-column elementor-col-33 elementor-inner-column elementor-element elementor-element-a85d10e\" data-id=\"a85d10e\" data-element_type=\"column\">\n\t\t\t<div class=\"elementor-widget-wrap elementor-element-populated\">\n\t\t\t\t\t\t<div class=\"elementor-element elementor-element-afb9620 elementor-widget elementor-widget-thim-icon-box\" data-id=\"afb9620\" data-element_type=\"widget\" data-widget_type=\"thim-icon-box.default\">\n\t\t\t\t<div class=\"elementor-widget-container\">\n\t\t\t\n<div\n        class=\"thim-sc-icon-box  layout-5 \">\n\t    <div class=\"icon-box-wrapper\" style=\"\">\n\t\t            <div class=\"box-icon\" style=\"background-color: ;\">\n\t\t\t\t<i class=\"icon-ionicons ion-android-pin\" aria-hidden=\"true\"><\/i>            <\/div>\n\t\t        <div class=\"box-content\">\n\t\t\t                <h3 class=\"title\">\n\t\t\t\t\tM\u00f3j Adres                <\/h3>\n\t\t\t\t\t\t                <div class=\"description\">\n\t\t\t\t\tPodrzecze 158,\n33-386 Podegrodzie\n                <\/div>\n\t\t\t        <\/div>\n    <\/div>\n\t<\/div>\n\n\n\t\t<\/div>\n\t\t\t\t<\/div>\n\t\t\t\t\t<\/div>\n\t\t<\/div>\n\t\t\t\t<div class=\"elementor-column elementor-col-33 elementor-inner-column elementor-element elementor-element-4009888\" data-id=\"4009888\" data-element_type=\"column\">\n\t\t\t<div class=\"elementor-widget-wrap elementor-element-populated\">\n\t\t\t\t\t\t<div class=\"elementor-element elementor-element-b6169cb elementor-widget elementor-widget-thim-icon-box\" data-id=\"b6169cb\" data-element_type=\"widget\" data-widget_type=\"thim-icon-box.default\">\n\t\t\t\t<div class=\"elementor-widget-container\">\n\t\t\t\n<div\n        class=\"thim-sc-icon-box  layout-5 \">\n\t    <div class=\"icon-box-wrapper\" style=\"\">\n\t\t            <div class=\"box-icon\" style=\"background-color: ;\">\n\t\t\t\t<i class=\"icon-ionicons ion-ios-telephone\" aria-hidden=\"true\"><\/i>            <\/div>\n\t\t        <div class=\"box-content\">\n\t\t\t                <h3 class=\"title\">\n\t\t\t\t\tTelefon                <\/h3>\n\t\t\t\t\t\t                <div class=\"description\">\n\t\t\t\t\tMobile:<a href=\"tel:+48693136602\"> +48 693 136 602<\/a> <br>\n                <\/div>\n\t\t\t        <\/div>\n    <\/div>\n\t<\/div>\n\n\n\t\t<\/div>\n\t\t\t\t<\/div>\n\t\t\t\t\t<\/div>\n\t\t<\/div>\n\t\t\t\t<div class=\"elementor-column elementor-col-33 elementor-inner-column elementor-element elementor-element-44cc836\" data-id=\"44cc836\" data-element_type=\"column\">\n\t\t\t<div class=\"elementor-widget-wrap elementor-element-populated\">\n\t\t\t\t\t\t<div class=\"elementor-element elementor-element-0fa3f1f elementor-widget elementor-widget-thim-icon-box\" data-id=\"0fa3f1f\" data-element_type=\"widget\" data-widget_type=\"thim-icon-box.default\">\n\t\t\t\t<div class=\"elementor-widget-container\">\n\t\t\t\n<div\n        class=\"thim-sc-icon-box  layout-5 \">\n\t    <div class=\"icon-box-wrapper\" style=\"\">\n\t\t            <div class=\"box-icon\" style=\"background-color: ;\">\n\t\t\t\t<i class=\"icon-ionicons ion-ios-paperplane\" aria-hidden=\"true\"><\/i>            <\/div>\n\t\t        <div class=\"box-content\">\n\t\t\t                <h3 class=\"title\">\n\t\t\t\t\tE-Mail                <\/h3>\n\t\t\t\t\t\t                <div class=\"description\">\n\t\t\t\t\t<a href=\"mailto: annakleszyk83@gmail.com\"> kontakt.bhpakl@gmail.com <\/a>\n<a                 <\/div>\n\t\t\t        <\/div>\n    <\/div>\n\t<\/div>\n\n\n\t\t<\/div>\n\t\t\t\t<\/div>\n\t\t\t\t\t<\/div>\n\t\t<\/div>\n\t\t\t\t\t<\/div>\n\t\t<\/section>\n\t\t\t\t\t<\/div>\n\t\t<\/div>\n\t\t\t\t\t<\/div>\n\t\t<\/section>\n\t\t\t\t<section class=\"elementor-section elementor-top-section elementor-element elementor-element-c3bafff elementor-section-full_width thim-testimonials elementor-section-height-default elementor-section-height-default\" data-id=\"c3bafff\" data-element_type=\"section\">\n\t\t\t\t\t\t<div class=\"elementor-container elementor-column-gap-default\">\n\t\t\t\t\t<div class=\"elementor-column elementor-col-50 elementor-top-column elementor-element elementor-element-3e10f99\" data-id=\"3e10f99\" data-element_type=\"column\">\n\t\t\t<div class=\"elementor-widget-wrap elementor-element-populated\">\n\t\t\t\t\t\t<div class=\"elementor-element elementor-element-2dec27a elementor-widget elementor-widget-image\" data-id=\"2dec27a\" data-element_type=\"widget\" data-widget_type=\"image.default\">\n\t\t\t\t<div class=\"elementor-widget-container\">\n\t\t\t\t\t\t\t\t\t\t\t\t\t<img fetchpriority=\"high\" decoding=\"async\" width=\"542\" height=\"507\" src=\"https:\/\/bhpakl.pl\/wp-content\/uploads\/2017\/07\/layer-23.png\" class=\"attachment-full size-full wp-image-619\" alt=\"\" srcset=\"https:\/\/bhpakl.pl\/wp-content\/uploads\/2017\/07\/layer-23.png 542w, https:\/\/bhpakl.pl\/wp-content\/uploads\/2017\/07\/layer-23-300x281.png 300w\" sizes=\"(max-width: 542px) 100vw, 542px\" \/>\t\t\t\t\t\t\t\t\t\t\t\t\t<\/div>\n\t\t\t\t<\/div>\n\t\t\t\t\t<\/div>\n\t\t<\/div>\n\t\t\t\t<div class=\"elementor-column elementor-col-50 elementor-top-column elementor-element elementor-element-672698e\" data-id=\"672698e\" data-element_type=\"column\">\n\t\t\t<div class=\"elementor-widget-wrap elementor-element-populated\">\n\t\t\t\t\t\t<div class=\"elementor-element elementor-element-703e147 elementor-widget elementor-widget-thim-testimonials\" data-id=\"703e147\" data-element_type=\"widget\" data-widget_type=\"thim-testimonials.default\">\n\t\t\t\t<div class=\"elementor-widget-container\">\n\t\t\t<div class=\"thim-sc-testimonials layout-3 \">\n\t<div class=\"slider-container\">\n\t<div class=\"slider owl-carousel owl-theme\">\n\t\t\t\t\t<div class=\"item\">\n\t\t\t\t<div class=\"content\">\n\t\t\t\t\tBezpiecze\u0144stwo to inwestycja, kt\u00f3ra zawsze przynosi zysk\t\t\t\t<\/div>\n\t\t\t\t<div class=\"user-info\">\n\n\t\t\t\t\t\t\t\t\t\t\t<div class=\"image\">\n\t\t\t\t\t\t\t\t\t\t\t\t\t<\/div>\n\t\t\t\t\t\t\t\t\t\t\t\t\t\t\t\t<a href=\"\" class=\"title\" target=\"_blank\">Unknown<\/a>\n\t\t\t\t\t\t\t\t\t\t<span class=\"regency\"><\/span>\n\n\t\t\t\t\t\t\t\t\t\t<div class=\"thim-sc-social-links\">\n\t\t\t\t\t\t\t<ul class=\"socials\">\n\t\t\t\t\t\t\t\t\n\t\t\t\t\t\t\t\t\n\t\t\t\t\t\t\t\t\n\t\t\t\t\t\t\t\t\n\t\t\t\t\t\t\t\t\n\t\t\t\t\t\t\t\t\t\t\t\t\t\t\t<\/ul>\n\t\t\t\t\t\t<\/div>\n\t\t\t\t\t\t\t\t<\/div>\n\t\t\t<\/div>\n\t\t\t\t\t<div class=\"item\">\n\t\t\t\t<div class=\"content\">\n\t\t\t\t\tNajcenniejszym zasobem ka\u017cdej firmy s\u0105 jej pracownicy. Dlatego wa\u017cne jest, aby inwestowa\u0107 w ich szkolenie z zakresu BHP\t\t\t\t<\/div>\n\t\t\t\t<div class=\"user-info\">\n\n\t\t\t\t\t\t\t\t\t\t\t<div class=\"image\">\n\t\t\t\t\t\t\t\t\t\t\t\t\t<\/div>\n\t\t\t\t\t\t\t\t\t\t\t\t\t\t\t\t<a href=\"\" class=\"title\" target=\"_blank\">Unknown<\/a>\n\t\t\t\t\t\t\t\t\t\t<span class=\"regency\"><\/span>\n\n\t\t\t\t\t\t\t\t\t\t<div class=\"thim-sc-social-links\">\n\t\t\t\t\t\t\t<ul class=\"socials\">\n\t\t\t\t\t\t\t\t\n\t\t\t\t\t\t\t\t\n\t\t\t\t\t\t\t\t\n\t\t\t\t\t\t\t\t\n\t\t\t\t\t\t\t\t\n\t\t\t\t\t\t\t\t\t\t\t\t\t\t\t<\/ul>\n\t\t\t\t\t\t<\/div>\n\t\t\t\t\t\t\t\t<\/div>\n\t\t\t<\/div>\n\t\t\t\t\t<div class=\"item\">\n\t\t\t\t<div class=\"content\">\n\t\t\t\t\tBezpiecze\u0144stwo nie jest osi\u0105gni\u0119ciem, jest to proces, w kt\u00f3rym nale\u017cy zaanga\u017cowa\u0107 ka\u017cdego pracownika\t\t\t\t<\/div>\n\t\t\t\t<div class=\"user-info\">\n\n\t\t\t\t\t\t\t\t\t\t\t<div class=\"image\">\n\t\t\t\t\t\t\t\t\t\t\t\t\t<\/div>\n\t\t\t\t\t\t\t\t\t\t\t\t\t\t\t\t<a href=\"\" class=\"title\" target=\"_blank\">Unknown<\/a>\n\t\t\t\t\t\t\t\t\t\t<span class=\"regency\"><\/span>\n\n\t\t\t\t\t\t\t\t\t\t<div class=\"thim-sc-social-links\">\n\t\t\t\t\t\t\t<ul class=\"socials\">\n\t\t\t\t\t\t\t\t\n\t\t\t\t\t\t\t\t\n\t\t\t\t\t\t\t\t\n\t\t\t\t\t\t\t\t\n\t\t\t\t\t\t\t\t\n\t\t\t\t\t\t\t\t\t\t\t\t\t\t\t<\/ul>\n\t\t\t\t\t\t<\/div>\n\t\t\t\t\t\t\t\t<\/div>\n\t\t\t<\/div>\n\t\t\t<\/div>\n<\/div><\/div>\n\t\t<\/div>\n\t\t\t\t<\/div>\n\t\t\t\t\t<\/div>\n\t\t<\/div>\n\t\t\t\t\t<\/div>\n\t\t<\/section>\n\t\t\t\t<\/div>\n\t\t","protected":false},"excerpt":{"rendered":"<p>M\u00f3j Adres Podrzecze 158, 33-386 Podegrodzie Telefon Mobile: +48 693 136 602 E-Mail kontakt.bhpakl@gmail.com<\/p>\n","protected":false},"author":2,"featured_media":0,"parent":0,"menu_order":0,"comment_status":"closed","ping_status":"closed","template":"","meta":{"footnotes":""},"class_list":["post-6857","page","type-page","status-publish","hentry"],"_links":{"self":[{"href":"https:\/\/bhpakl.pl\/index.php\/wp-json\/wp\/v2\/pages\/6857","targetHints":{"allow":["GET"]}}],"collection":[{"href":"https:\/\/bhpakl.pl\/index.php\/wp-json\/wp\/v2\/pages"}],"about":[{"href":"https:\/\/bhpakl.pl\/index.php\/wp-json\/wp\/v2\/types\/page"}],"author":[{"embeddable":true,"href":"https:\/\/bhpakl.pl\/index.php\/wp-json\/wp\/v2\/users\/2"}],"replies":[{"embeddable":true,"href":"https:\/\/bhpakl.pl\/index.php\/wp-json\/wp\/v2\/comments?post=6857"}],"version-history":[{"count":31,"href":"https:\/\/bhpakl.pl\/index.php\/wp-json\/wp\/v2\/pages\/6857\/revisions"}],"predecessor-version":[{"id":224712,"href":"https:\/\/bhpakl.pl\/index.php\/wp-json\/wp\/v2\/pages\/6857\/revisions\/224712"}],"wp:attachment":[{"href":"https:\/\/bhpakl.pl\/index.php\/wp-json\/wp\/v2\/media?parent=6857"}],"curies":[{"name":"wp","href":"https:\/\/api.w.org\/{rel}","templated":true}]}}